{"id":862,"date":"2023-12-06T15:56:08","date_gmt":"2023-12-06T14:56:08","guid":{"rendered":"https:\/\/muzeumdk.napokusy.cz\/galerie\/"},"modified":"2024-01-08T14:16:04","modified_gmt":"2024-01-08T13:16:04","slug":"gallery","status":"publish","type":"page","link":"https:\/\/muzeumdk.cz\/en\/gallery\/","title":{"rendered":"Gallery"},"content":{"rendered":"\n<p>Welcome to the Municipal Museum in Dv\u016fr Kr\u00e1lov\u00e9 nad Labem. The museum is located in Baroque grounds called Kohout\u016fv dv\u016fr (Cock\u00b4s Court). The whole site was originally a yeoman\u00b4s courtyard built in 1738 by the concierge F. A. Bergl for the needs of F. A. \u0160pork\u00b4s estate in Kuks.The complex consists of three buildings: the main building serves as an exhibition hall for two permanent exhibitions. The exhibition devoted to the production of traditional Christmas decorations can be found on the second floor and the newly opened History of the Town of Dv\u016fr Kr\u00e1lov\u00e9 nad Labem and History of the Textile Industry in Dv\u016fr Kr\u00e1lov\u00e9 Region is to be found on the first floor, the place where you are just now. In the building that was the original granary there is an exhibition hall and an art gallery. The buildings are interconnected by a sandstone gate with three Baroque statues produced by Matyas Bernard Braun\u00b4s followers.<\/p>\n\n\n\n<h2 class=\"wp-block-heading\">The Calvary by Jan V\u00e1clav Bergl<\/h2>\n\n\n\n<div style=\"height:3px\" aria-hidden=\"true\" class=\"wp-block-spacer\"><\/div>\n\n\n\n<p>The collection of oil paintings by J. V. Bergl decorates the City Museum, the so-called \u201eRooster courtyard\u201c.<\/p>\n\n\n\n<p><br>This collection was put together mostly by paintigs, relief etc. all together 14 pieces. At first, it may seem that in this case i tis same, but reality is a bit diferent. Here you can find 10 dimensional paintings \/245 x 160 cm\/, 2 paintings are smaller \/180 x 105 cm\/ and very smal which seem to be just a torso of one of the paintings.<\/p>\n\n\n\n<div style=\"height:3px\" aria-hidden=\"true\" class=\"wp-block-spacer\"><\/div>\n\n\n\n<figure class=\"wp-block-gallery has-nested-images columns-4 is-cropped wp-block-gallery-1 is-layout-flex wp-block-gallery-is-layout-flex\">\n<figure class=\"wp-block-image size-large\"><a href=\"https:\/\/muzeumdk.cz\/wp-content\/uploads\/2024\/01\/IMG_0049_HDR.jpg\"><img loading=\"lazy\" decoding=\"async\" width=\"1024\" height=\"683\" data-id=\"967\" src=\"https:\/\/muzeumdk.cz\/wp-content\/uploads\/2024\/01\/IMG_0049_HDR-1024x683.jpg\" alt=\"\" class=\"wp-image-967\" srcset=\"https:\/\/muzeumdk.cz\/wp-content\/uploads\/2024\/01\/IMG_0049_HDR-1024x683.jpg 1024w, https:\/\/muzeumdk.cz\/wp-content\/uploads\/2024\/01\/IMG_0049_HDR-300x200.jpg 300w, https:\/\/muzeumdk.cz\/wp-content\/uploads\/2024\/01\/IMG_0049_HDR-768x512.jpg 768w, https:\/\/muzeumdk.cz\/wp-content\/uploads\/2024\/01\/IMG_0049_HDR-1536x1025.jpg 1536w, https:\/\/muzeumdk.cz\/wp-content\/uploads\/2024\/01\/IMG_0049_HDR-2048x1366.jpg 2048w, https:\/\/muzeumdk.cz\/wp-content\/uploads\/2024\/01\/IMG_0049_HDR-255x170.jpg 255w, https:\/\/muzeumdk.cz\/wp-content\/uploads\/2024\/01\/IMG_0049_HDR-160x107.jpg 160w, https:\/\/muzeumdk.cz\/wp-content\/uploads\/2024\/01\/IMG_0049_HDR-480x320.jpg 480w, https:\/\/muzeumdk.cz\/wp-content\/uploads\/2024\/01\/IMG_0049_HDR-640x427.jpg 640w, https:\/\/muzeumdk.cz\/wp-content\/uploads\/2024\/01\/IMG_0049_HDR-1320x881.jpg 1320w\" sizes=\"auto, (max-width: 1024px) 100vw, 1024px\" \/><\/a><\/figure>\n\n\n\n<figure class=\"wp-block-image size-large\"><a href=\"https:\/\/muzeumdk.cz\/wp-content\/uploads\/2024\/01\/IMG_0034_HDR.jpg\"><img loading=\"lazy\" decoding=\"async\" width=\"1024\" height=\"683\" data-id=\"965\" src=\"https:\/\/muzeumdk.cz\/wp-content\/uploads\/2024\/01\/IMG_0034_HDR-1024x683.jpg\" alt=\"\" class=\"wp-image-965\" srcset=\"https:\/\/muzeumdk.cz\/wp-content\/uploads\/2024\/01\/IMG_0034_HDR-1024x683.jpg 1024w, https:\/\/muzeumdk.cz\/wp-content\/uploads\/2024\/01\/IMG_0034_HDR-300x200.jpg 300w, https:\/\/muzeumdk.cz\/wp-content\/uploads\/2024\/01\/IMG_0034_HDR-768x512.jpg 768w, https:\/\/muzeumdk.cz\/wp-content\/uploads\/2024\/01\/IMG_0034_HDR-1536x1025.jpg 1536w, https:\/\/muzeumdk.cz\/wp-content\/uploads\/2024\/01\/IMG_0034_HDR-2048x1366.jpg 2048w, https:\/\/muzeumdk.cz\/wp-content\/uploads\/2024\/01\/IMG_0034_HDR-255x170.jpg 255w, https:\/\/muzeumdk.cz\/wp-content\/uploads\/2024\/01\/IMG_0034_HDR-160x107.jpg 160w, https:\/\/muzeumdk.cz\/wp-content\/uploads\/2024\/01\/IMG_0034_HDR-480x320.jpg 480w, https:\/\/muzeumdk.cz\/wp-content\/uploads\/2024\/01\/IMG_0034_HDR-640x427.jpg 640w, https:\/\/muzeumdk.cz\/wp-content\/uploads\/2024\/01\/IMG_0034_HDR-1320x881.jpg 1320w\" sizes=\"auto, (max-width: 1024px) 100vw, 1024px\" \/><\/a><\/figure>\n\n\n\n<figure class=\"wp-block-image size-large\"><a href=\"https:\/\/muzeumdk.cz\/wp-content\/uploads\/2024\/01\/IMG_0064_HDR.jpg\"><img loading=\"lazy\" decoding=\"async\" width=\"1024\" height=\"683\" data-id=\"964\" src=\"https:\/\/muzeumdk.cz\/wp-content\/uploads\/2024\/01\/IMG_0064_HDR-1024x683.jpg\" alt=\"\" class=\"wp-image-964\" srcset=\"https:\/\/muzeumdk.cz\/wp-content\/uploads\/2024\/01\/IMG_0064_HDR-1024x683.jpg 1024w, https:\/\/muzeumdk.cz\/wp-content\/uploads\/2024\/01\/IMG_0064_HDR-300x200.jpg 300w, https:\/\/muzeumdk.cz\/wp-content\/uploads\/2024\/01\/IMG_0064_HDR-768x512.jpg 768w, https:\/\/muzeumdk.cz\/wp-content\/uploads\/2024\/01\/IMG_0064_HDR-1536x1025.jpg 1536w, https:\/\/muzeumdk.cz\/wp-content\/uploads\/2024\/01\/IMG_0064_HDR-2048x1366.jpg 2048w, https:\/\/muzeumdk.cz\/wp-content\/uploads\/2024\/01\/IMG_0064_HDR-255x170.jpg 255w, https:\/\/muzeumdk.cz\/wp-content\/uploads\/2024\/01\/IMG_0064_HDR-160x107.jpg 160w, https:\/\/muzeumdk.cz\/wp-content\/uploads\/2024\/01\/IMG_0064_HDR-480x320.jpg 480w, https:\/\/muzeumdk.cz\/wp-content\/uploads\/2024\/01\/IMG_0064_HDR-640x427.jpg 640w, https:\/\/muzeumdk.cz\/wp-content\/uploads\/2024\/01\/IMG_0064_HDR-1320x881.jpg 1320w\" sizes=\"auto, (max-width: 1024px) 100vw, 1024px\" \/><\/a><\/figure>\n\n\n\n<figure class=\"wp-block-image size-large\"><a href=\"https:\/\/muzeumdk.cz\/wp-content\/uploads\/2024\/01\/IMG_0055_HDR.jpg\"><img loading=\"lazy\" decoding=\"async\" width=\"1024\" height=\"683\" data-id=\"999\" src=\"https:\/\/muzeumdk.cz\/wp-content\/uploads\/2024\/01\/IMG_0055_HDR-1024x683.jpg\" alt=\"\" class=\"wp-image-999\" srcset=\"https:\/\/muzeumdk.cz\/wp-content\/uploads\/2024\/01\/IMG_0055_HDR-1024x683.jpg 1024w, https:\/\/muzeumdk.cz\/wp-content\/uploads\/2024\/01\/IMG_0055_HDR-300x200.jpg 300w, https:\/\/muzeumdk.cz\/wp-content\/uploads\/2024\/01\/IMG_0055_HDR-768x512.jpg 768w, https:\/\/muzeumdk.cz\/wp-content\/uploads\/2024\/01\/IMG_0055_HDR-1536x1024.jpg 1536w, https:\/\/muzeumdk.cz\/wp-content\/uploads\/2024\/01\/IMG_0055_HDR-2048x1366.jpg 2048w, https:\/\/muzeumdk.cz\/wp-content\/uploads\/2024\/01\/IMG_0055_HDR-255x170.jpg 255w, https:\/\/muzeumdk.cz\/wp-content\/uploads\/2024\/01\/IMG_0055_HDR-160x107.jpg 160w, https:\/\/muzeumdk.cz\/wp-content\/uploads\/2024\/01\/IMG_0055_HDR-480x320.jpg 480w, https:\/\/muzeumdk.cz\/wp-content\/uploads\/2024\/01\/IMG_0055_HDR-640x427.jpg 640w, https:\/\/muzeumdk.cz\/wp-content\/uploads\/2024\/01\/IMG_0055_HDR-1320x880.jpg 1320w\" sizes=\"auto, (max-width: 1024px) 100vw, 1024px\" \/><\/a><\/figure>\n<\/figure>\n\n\n\n<div style=\"height:11px\" aria-hidden=\"true\" class=\"wp-block-spacer\"><\/div>\n\n\n\n<p>What is the exact history of this voyage? J. V. Bergl painted this collection for his town (he was born in 1719) in approximately 1759 as order by the town. As a result, the collection of pantings decorated the local church of Jan K\u0159titel for more than one hundred years. In 1899, the year in which the reconstruction of the church was being finished, the pantings were sold and taken to Nov\u00e1 Paka by the Suchard family, who restored the paintings for the first time. The whole collection did not actually belong to them. Two paintings were destroyed before they were put on sale. The paintings belonged to the family up until the year 1913, and were later sold to the City Hall in Dv\u016fr Kr\u00e1lov\u00e9. The first&nbsp; place to by ownedby the museum was renaissance building, part of City Hall, n\u00e1m\u011bst\u00ed no. 1. Here, in the newrooms, Bergl\u2019s \u201eCalvary\u201c was exhibited. It became part of collection, belonging to the museum. The collection had been restored a few times already. First, by the Suchard family, and last, not too long ago, by the Ad Restauro company.<\/p>\n\n\n\n<div style=\"height:11px\" aria-hidden=\"true\" class=\"wp-block-spacer\"><\/div>\n\n\n\n<figure class=\"wp-block-gallery has-nested-images columns-4 is-cropped wp-block-gallery-2 is-layout-flex wp-block-gallery-is-layout-flex\">\n<figure class=\"wp-block-image size-large\"><a href=\"https:\/\/muzeumdk.cz\/wp-content\/uploads\/2023\/12\/Galerie_2.jpg\"><img loading=\"lazy\" decoding=\"async\" width=\"1024\" height=\"576\" data-id=\"731\" src=\"https:\/\/muzeumdk.cz\/wp-content\/uploads\/2023\/12\/Galerie_2-1024x576.jpg\" alt=\"\" class=\"wp-image-731\" srcset=\"https:\/\/muzeumdk.cz\/wp-content\/uploads\/2023\/12\/Galerie_2-1024x576.jpg 1024w, https:\/\/muzeumdk.cz\/wp-content\/uploads\/2023\/12\/Galerie_2-300x169.jpg 300w, https:\/\/muzeumdk.cz\/wp-content\/uploads\/2023\/12\/Galerie_2-768x432.jpg 768w, https:\/\/muzeumdk.cz\/wp-content\/uploads\/2023\/12\/Galerie_2-1536x864.jpg 1536w, https:\/\/muzeumdk.cz\/wp-content\/uploads\/2023\/12\/Galerie_2-255x143.jpg 255w, https:\/\/muzeumdk.cz\/wp-content\/uploads\/2023\/12\/Galerie_2-160x90.jpg 160w, https:\/\/muzeumdk.cz\/wp-content\/uploads\/2023\/12\/Galerie_2-480x270.jpg 480w, https:\/\/muzeumdk.cz\/wp-content\/uploads\/2023\/12\/Galerie_2-640x360.jpg 640w, https:\/\/muzeumdk.cz\/wp-content\/uploads\/2023\/12\/Galerie_2.jpg 1920w\" sizes=\"auto, (max-width: 1024px) 100vw, 1024px\" \/><\/a><\/figure>\n\n\n\n<figure class=\"wp-block-image size-large\"><a href=\"https:\/\/muzeumdk.cz\/wp-content\/uploads\/2023\/12\/Galerie_9.jpg\"><img loading=\"lazy\" decoding=\"async\" width=\"1024\" height=\"576\" data-id=\"739\" src=\"https:\/\/muzeumdk.cz\/wp-content\/uploads\/2023\/12\/Galerie_9-1024x576.jpg\" alt=\"\" class=\"wp-image-739\" srcset=\"https:\/\/muzeumdk.cz\/wp-content\/uploads\/2023\/12\/Galerie_9-1024x576.jpg 1024w, https:\/\/muzeumdk.cz\/wp-content\/uploads\/2023\/12\/Galerie_9-300x169.jpg 300w, https:\/\/muzeumdk.cz\/wp-content\/uploads\/2023\/12\/Galerie_9-768x432.jpg 768w, https:\/\/muzeumdk.cz\/wp-content\/uploads\/2023\/12\/Galerie_9-1536x864.jpg 1536w, https:\/\/muzeumdk.cz\/wp-content\/uploads\/2023\/12\/Galerie_9-255x143.jpg 255w, https:\/\/muzeumdk.cz\/wp-content\/uploads\/2023\/12\/Galerie_9-160x90.jpg 160w, https:\/\/muzeumdk.cz\/wp-content\/uploads\/2023\/12\/Galerie_9-480x270.jpg 480w, https:\/\/muzeumdk.cz\/wp-content\/uploads\/2023\/12\/Galerie_9-640x360.jpg 640w, https:\/\/muzeumdk.cz\/wp-content\/uploads\/2023\/12\/Galerie_9.jpg 1920w\" sizes=\"auto, (max-width: 1024px) 100vw, 1024px\" \/><\/a><\/figure>\n\n\n\n<figure class=\"wp-block-image size-large\"><a href=\"https:\/\/muzeumdk.cz\/wp-content\/uploads\/2023\/12\/Galerie_10.jpg\"><img loading=\"lazy\" decoding=\"async\" width=\"1024\" height=\"576\" data-id=\"745\" src=\"https:\/\/muzeumdk.cz\/wp-content\/uploads\/2023\/12\/Galerie_10-1024x576.jpg\" alt=\"\" class=\"wp-image-745\" srcset=\"https:\/\/muzeumdk.cz\/wp-content\/uploads\/2023\/12\/Galerie_10-1024x576.jpg 1024w, https:\/\/muzeumdk.cz\/wp-content\/uploads\/2023\/12\/Galerie_10-300x169.jpg 300w, https:\/\/muzeumdk.cz\/wp-content\/uploads\/2023\/12\/Galerie_10-768x432.jpg 768w, https:\/\/muzeumdk.cz\/wp-content\/uploads\/2023\/12\/Galerie_10-1536x864.jpg 1536w, https:\/\/muzeumdk.cz\/wp-content\/uploads\/2023\/12\/Galerie_10-255x143.jpg 255w, https:\/\/muzeumdk.cz\/wp-content\/uploads\/2023\/12\/Galerie_10-160x90.jpg 160w, https:\/\/muzeumdk.cz\/wp-content\/uploads\/2023\/12\/Galerie_10-480x270.jpg 480w, https:\/\/muzeumdk.cz\/wp-content\/uploads\/2023\/12\/Galerie_10-640x360.jpg 640w, https:\/\/muzeumdk.cz\/wp-content\/uploads\/2023\/12\/Galerie_10.jpg 1920w\" sizes=\"auto, (max-width: 1024px) 100vw, 1024px\" \/><\/a><\/figure>\n\n\n\n<figure class=\"wp-block-image size-large\"><a href=\"https:\/\/muzeumdk.cz\/wp-content\/uploads\/2023\/12\/Galerie_12.jpg\"><img loading=\"lazy\" decoding=\"async\" width=\"1024\" height=\"576\" data-id=\"747\" src=\"https:\/\/muzeumdk.cz\/wp-content\/uploads\/2023\/12\/Galerie_12-1024x576.jpg\" alt=\"\" class=\"wp-image-747\" srcset=\"https:\/\/muzeumdk.cz\/wp-content\/uploads\/2023\/12\/Galerie_12-1024x576.jpg 1024w, https:\/\/muzeumdk.cz\/wp-content\/uploads\/2023\/12\/Galerie_12-300x169.jpg 300w, https:\/\/muzeumdk.cz\/wp-content\/uploads\/2023\/12\/Galerie_12-768x432.jpg 768w, https:\/\/muzeumdk.cz\/wp-content\/uploads\/2023\/12\/Galerie_12-1536x864.jpg 1536w, https:\/\/muzeumdk.cz\/wp-content\/uploads\/2023\/12\/Galerie_12-255x143.jpg 255w, https:\/\/muzeumdk.cz\/wp-content\/uploads\/2023\/12\/Galerie_12-160x90.jpg 160w, https:\/\/muzeumdk.cz\/wp-content\/uploads\/2023\/12\/Galerie_12-480x270.jpg 480w, https:\/\/muzeumdk.cz\/wp-content\/uploads\/2023\/12\/Galerie_12-640x360.jpg 640w, https:\/\/muzeumdk.cz\/wp-content\/uploads\/2023\/12\/Galerie_12.jpg 1920w\" sizes=\"auto, (max-width: 1024px) 100vw, 1024px\" \/><\/a><\/figure>\n<\/figure>\n","protected":false},"excerpt":{"rendered":"<p>Welcome to the Municipal Museum in Dv\u016fr Kr\u00e1lov\u00e9 nad Labem. The museum is located in Baroque grounds called Kohout\u016fv dv\u016fr (Cock\u00b4s Court). The whole site was originally a yeoman\u00b4s courtyard built in 1738 by the concierge F. A. Bergl for the needs of F. A. \u0160pork\u00b4s estate in Kuks.The complex consists of three buildings: the [&hellip;]<\/p>\n","protected":false},"author":1,"featured_media":0,"parent":0,"menu_order":0,"comment_status":"closed","ping_status":"closed","template":"","meta":{"footnotes":""},"class_list":["post-862","page","type-page","status-publish","hentry"],"yoast_head":"<!-- This site is optimized with the Yoast SEO plugin v27.2 - https:\/\/yoast.com\/product\/yoast-seo-wordpress\/ -->\n<title>Gallery - M\u011bstsk\u00e9 muzeum Dv\u016fr\u00a0Kr\u00e1lov\u00e9 nad Labem<\/title>\n<meta name=\"description\" content=\"Jan V\u00e1clav Bergl fresky, cyklus olejomaleb, k\u0159\u00ed\u017eov\u00e1 cesta\" \/>\n<meta name=\"robots\" content=\"index, follow, max-snippet:-1, max-image-preview:large, max-video-preview:-1\" \/>\n<link rel=\"canonical\" href=\"https:\/\/muzeumdk.cz\/en\/gallery\/\" \/>\n<meta property=\"og:locale\" content=\"en_US\" \/>\n<meta property=\"og:type\" content=\"article\" \/>\n<meta property=\"og:title\" content=\"Gallery - M\u011bstsk\u00e9 muzeum Dv\u016fr\u00a0Kr\u00e1lov\u00e9 nad Labem\" \/>\n<meta property=\"og:description\" content=\"Jan V\u00e1clav Bergl fresky, cyklus olejomaleb, k\u0159\u00ed\u017eov\u00e1 cesta\" \/>\n<meta property=\"og:url\" content=\"https:\/\/muzeumdk.cz\/en\/gallery\/\" \/>\n<meta property=\"og:site_name\" content=\"M\u011bstsk\u00e9 muzeum Dv\u016fr\u00a0Kr\u00e1lov\u00e9 nad Labem\" \/>\n<meta property=\"article:publisher\" content=\"https:\/\/www.facebook.com\/mmdknl\" \/>\n<meta property=\"article:modified_time\" content=\"2024-01-08T13:16:04+00:00\" \/>\n<meta property=\"og:image\" content=\"https:\/\/muzeumdk.cz\/wp-content\/uploads\/2024\/01\/IMG_0049_HDR-1024x683.jpg\" \/>\n<meta name=\"twitter:card\" content=\"summary_large_image\" \/>\n<meta name=\"twitter:site\" content=\"@Muzeumdk\" \/>\n<meta name=\"twitter:label1\" content=\"Est. reading time\" \/>\n\t<meta name=\"twitter:data1\" content=\"4 minutes\" \/>\n<script type=\"application\/ld+json\" class=\"yoast-schema-graph\">{\"@context\":\"https:\/\/schema.org\",\"@graph\":[{\"@type\":\"WebPage\",\"@id\":\"https:\/\/muzeumdk.cz\/en\/gallery\/\",\"url\":\"https:\/\/muzeumdk.cz\/en\/gallery\/\",\"name\":\"Gallery - M\u011bstsk\u00e9 muzeum Dv\u016fr\u00a0Kr\u00e1lov\u00e9 nad Labem\",\"isPartOf\":{\"@id\":\"https:\/\/muzeumdk.cz\/en\/#website\"},\"primaryImageOfPage\":{\"@id\":\"https:\/\/muzeumdk.cz\/en\/gallery\/#primaryimage\"},\"image\":{\"@id\":\"https:\/\/muzeumdk.cz\/en\/gallery\/#primaryimage\"},\"thumbnailUrl\":\"https:\/\/muzeumdk.cz\/wp-content\/uploads\/2024\/01\/IMG_0049_HDR-1024x683.jpg\",\"datePublished\":\"2023-12-06T14:56:08+00:00\",\"dateModified\":\"2024-01-08T13:16:04+00:00\",\"description\":\"Jan V\u00e1clav Bergl fresky, cyklus olejomaleb, k\u0159\u00ed\u017eov\u00e1 cesta\",\"breadcrumb\":{\"@id\":\"https:\/\/muzeumdk.cz\/en\/gallery\/#breadcrumb\"},\"inLanguage\":\"en-US\",\"potentialAction\":[{\"@type\":\"ReadAction\",\"target\":[\"https:\/\/muzeumdk.cz\/en\/gallery\/\"]}]},{\"@type\":\"ImageObject\",\"inLanguage\":\"en-US\",\"@id\":\"https:\/\/muzeumdk.cz\/en\/gallery\/#primaryimage\",\"url\":\"https:\/\/muzeumdk.cz\/wp-content\/uploads\/2024\/01\/IMG_0049_HDR-1024x683.jpg\",\"contentUrl\":\"https:\/\/muzeumdk.cz\/wp-content\/uploads\/2024\/01\/IMG_0049_HDR-1024x683.jpg\"},{\"@type\":\"BreadcrumbList\",\"@id\":\"https:\/\/muzeumdk.cz\/en\/gallery\/#breadcrumb\",\"itemListElement\":[{\"@type\":\"ListItem\",\"position\":1,\"name\":\"Home\",\"item\":\"https:\/\/muzeumdk.cz\/en\/\"},{\"@type\":\"ListItem\",\"position\":2,\"name\":\"Gallery\"}]},{\"@type\":\"WebSite\",\"@id\":\"https:\/\/muzeumdk.cz\/en\/#website\",\"url\":\"https:\/\/muzeumdk.cz\/en\/\",\"name\":\"M\u011bstsk\u00e9 muzeum Dv\u016fr\u00a0Kr\u00e1lov\u00e9 nad Labem\",\"description\":\"M\u011bstsk\u00e9 muzeum ve Dvo\u0159e Kr\u00e1lov\u00e9 nad Labem nab\u00edz\u00ed n\u00e1v\u0161t\u011bvn\u00edk\u016fm t\u0159i st\u00e1l\u00e9 expozice.\",\"publisher\":{\"@id\":\"https:\/\/muzeumdk.cz\/en\/#organization\"},\"potentialAction\":[{\"@type\":\"SearchAction\",\"target\":{\"@type\":\"EntryPoint\",\"urlTemplate\":\"https:\/\/muzeumdk.cz\/en\/?s={search_term_string}\"},\"query-input\":{\"@type\":\"PropertyValueSpecification\",\"valueRequired\":true,\"valueName\":\"search_term_string\"}}],\"inLanguage\":\"en-US\"},{\"@type\":\"Organization\",\"@id\":\"https:\/\/muzeumdk.cz\/en\/#organization\",\"name\":\"M\u011bstsk\u00e9 muzeum Dv\u016fr\u00a0Kr\u00e1lov\u00e9 nad Labem\",\"url\":\"https:\/\/muzeumdk.cz\/en\/\",\"logo\":{\"@type\":\"ImageObject\",\"inLanguage\":\"en-US\",\"@id\":\"https:\/\/muzeumdk.cz\/en\/#\/schema\/logo\/image\/\",\"url\":\"https:\/\/muzeumdk.cz\/wp-content\/uploads\/2023\/11\/cropped-logo1_150.jpg\",\"contentUrl\":\"https:\/\/muzeumdk.cz\/wp-content\/uploads\/2023\/11\/cropped-logo1_150.jpg\",\"width\":512,\"height\":512,\"caption\":\"M\u011bstsk\u00e9 muzeum Dv\u016fr\u00a0Kr\u00e1lov\u00e9 nad Labem\"},\"image\":{\"@id\":\"https:\/\/muzeumdk.cz\/en\/#\/schema\/logo\/image\/\"},\"sameAs\":[\"https:\/\/www.facebook.com\/mmdknl\",\"https:\/\/x.com\/Muzeumdk\",\"https:\/\/www.instagram.com\/muzeum_ve_dvore_kralove\"]}]}<\/script>\n<!-- \/ Yoast SEO plugin. -->","yoast_head_json":{"title":"Gallery - M\u011bstsk\u00e9 muzeum Dv\u016fr\u00a0Kr\u00e1lov\u00e9 nad Labem","description":"Jan V\u00e1clav Bergl fresky, cyklus olejomaleb, k\u0159\u00ed\u017eov\u00e1 cesta","robots":{"index":"index","follow":"follow","max-snippet":"max-snippet:-1","max-image-preview":"max-image-preview:large","max-video-preview":"max-video-preview:-1"},"canonical":"https:\/\/muzeumdk.cz\/en\/gallery\/","og_locale":"en_US","og_type":"article","og_title":"Gallery - M\u011bstsk\u00e9 muzeum Dv\u016fr\u00a0Kr\u00e1lov\u00e9 nad Labem","og_description":"Jan V\u00e1clav Bergl fresky, cyklus olejomaleb, k\u0159\u00ed\u017eov\u00e1 cesta","og_url":"https:\/\/muzeumdk.cz\/en\/gallery\/","og_site_name":"M\u011bstsk\u00e9 muzeum Dv\u016fr\u00a0Kr\u00e1lov\u00e9 nad Labem","article_publisher":"https:\/\/www.facebook.com\/mmdknl","article_modified_time":"2024-01-08T13:16:04+00:00","og_image":[{"url":"https:\/\/muzeumdk.cz\/wp-content\/uploads\/2024\/01\/IMG_0049_HDR-1024x683.jpg","type":"","width":"","height":""}],"twitter_card":"summary_large_image","twitter_site":"@Muzeumdk","twitter_misc":{"Est. reading time":"4 minutes"},"schema":{"@context":"https:\/\/schema.org","@graph":[{"@type":"WebPage","@id":"https:\/\/muzeumdk.cz\/en\/gallery\/","url":"https:\/\/muzeumdk.cz\/en\/gallery\/","name":"Gallery - M\u011bstsk\u00e9 muzeum Dv\u016fr\u00a0Kr\u00e1lov\u00e9 nad Labem","isPartOf":{"@id":"https:\/\/muzeumdk.cz\/en\/#website"},"primaryImageOfPage":{"@id":"https:\/\/muzeumdk.cz\/en\/gallery\/#primaryimage"},"image":{"@id":"https:\/\/muzeumdk.cz\/en\/gallery\/#primaryimage"},"thumbnailUrl":"https:\/\/muzeumdk.cz\/wp-content\/uploads\/2024\/01\/IMG_0049_HDR-1024x683.jpg","datePublished":"2023-12-06T14:56:08+00:00","dateModified":"2024-01-08T13:16:04+00:00","description":"Jan V\u00e1clav Bergl fresky, cyklus olejomaleb, k\u0159\u00ed\u017eov\u00e1 cesta","breadcrumb":{"@id":"https:\/\/muzeumdk.cz\/en\/gallery\/#breadcrumb"},"inLanguage":"en-US","potentialAction":[{"@type":"ReadAction","target":["https:\/\/muzeumdk.cz\/en\/gallery\/"]}]},{"@type":"ImageObject","inLanguage":"en-US","@id":"https:\/\/muzeumdk.cz\/en\/gallery\/#primaryimage","url":"https:\/\/muzeumdk.cz\/wp-content\/uploads\/2024\/01\/IMG_0049_HDR-1024x683.jpg","contentUrl":"https:\/\/muzeumdk.cz\/wp-content\/uploads\/2024\/01\/IMG_0049_HDR-1024x683.jpg"},{"@type":"BreadcrumbList","@id":"https:\/\/muzeumdk.cz\/en\/gallery\/#breadcrumb","itemListElement":[{"@type":"ListItem","position":1,"name":"Home","item":"https:\/\/muzeumdk.cz\/en\/"},{"@type":"ListItem","position":2,"name":"Gallery"}]},{"@type":"WebSite","@id":"https:\/\/muzeumdk.cz\/en\/#website","url":"https:\/\/muzeumdk.cz\/en\/","name":"M\u011bstsk\u00e9 muzeum Dv\u016fr\u00a0Kr\u00e1lov\u00e9 nad Labem","description":"M\u011bstsk\u00e9 muzeum ve Dvo\u0159e Kr\u00e1lov\u00e9 nad Labem nab\u00edz\u00ed n\u00e1v\u0161t\u011bvn\u00edk\u016fm t\u0159i st\u00e1l\u00e9 expozice.","publisher":{"@id":"https:\/\/muzeumdk.cz\/en\/#organization"},"potentialAction":[{"@type":"SearchAction","target":{"@type":"EntryPoint","urlTemplate":"https:\/\/muzeumdk.cz\/en\/?s={search_term_string}"},"query-input":{"@type":"PropertyValueSpecification","valueRequired":true,"valueName":"search_term_string"}}],"inLanguage":"en-US"},{"@type":"Organization","@id":"https:\/\/muzeumdk.cz\/en\/#organization","name":"M\u011bstsk\u00e9 muzeum Dv\u016fr\u00a0Kr\u00e1lov\u00e9 nad Labem","url":"https:\/\/muzeumdk.cz\/en\/","logo":{"@type":"ImageObject","inLanguage":"en-US","@id":"https:\/\/muzeumdk.cz\/en\/#\/schema\/logo\/image\/","url":"https:\/\/muzeumdk.cz\/wp-content\/uploads\/2023\/11\/cropped-logo1_150.jpg","contentUrl":"https:\/\/muzeumdk.cz\/wp-content\/uploads\/2023\/11\/cropped-logo1_150.jpg","width":512,"height":512,"caption":"M\u011bstsk\u00e9 muzeum Dv\u016fr\u00a0Kr\u00e1lov\u00e9 nad Labem"},"image":{"@id":"https:\/\/muzeumdk.cz\/en\/#\/schema\/logo\/image\/"},"sameAs":["https:\/\/www.facebook.com\/mmdknl","https:\/\/x.com\/Muzeumdk","https:\/\/www.instagram.com\/muzeum_ve_dvore_kralove"]}]}},"_links":{"self":[{"href":"https:\/\/muzeumdk.cz\/en\/wp-json\/wp\/v2\/pages\/862","targetHints":{"allow":["GET"]}}],"collection":[{"href":"https:\/\/muzeumdk.cz\/en\/wp-json\/wp\/v2\/pages"}],"about":[{"href":"https:\/\/muzeumdk.cz\/en\/wp-json\/wp\/v2\/types\/page"}],"author":[{"embeddable":true,"href":"https:\/\/muzeumdk.cz\/en\/wp-json\/wp\/v2\/users\/1"}],"replies":[{"embeddable":true,"href":"https:\/\/muzeumdk.cz\/en\/wp-json\/wp\/v2\/comments?post=862"}],"version-history":[{"count":5,"href":"https:\/\/muzeumdk.cz\/en\/wp-json\/wp\/v2\/pages\/862\/revisions"}],"predecessor-version":[{"id":1037,"href":"https:\/\/muzeumdk.cz\/en\/wp-json\/wp\/v2\/pages\/862\/revisions\/1037"}],"wp:attachment":[{"href":"https:\/\/muzeumdk.cz\/en\/wp-json\/wp\/v2\/media?parent=862"}],"curies":[{"name":"wp","href":"https:\/\/api.w.org\/{rel}","templated":true}]}}