{"id":798,"date":"2023-11-30T18:27:32","date_gmt":"2023-11-30T17:27:32","guid":{"rendered":"https:\/\/muzeumdk.napokusy.cz\/historie-muzea\/"},"modified":"2024-01-08T14:35:40","modified_gmt":"2024-01-08T13:35:40","slug":"history","status":"publish","type":"page","link":"https:\/\/muzeumdk.cz\/en\/history\/","title":{"rendered":"History"},"content":{"rendered":"\n<p>The municipal museum in Dv\u016fr Kr\u00e1lov\u00e9 nad Labem was founded in 1891. The first exposition concerning the history of the town and region was open as late as in 1923 in building of the Old Town Hall. After the war the museum received beautiful space in Neumann villa. After some time gallery became &nbsp;a &nbsp;part of the museum and in 1965 also a museum of textile. In 1969 the villa beame a property of V\u00fdchodo\u010desk\u00e1 ZOO and a museum was closed for a temporary period of time. By this time it was decided that a place called Kohout&#8217;s Court will by made over into a museum.<\/p>\n\n\n\n<div style=\"height:3px\" aria-hidden=\"true\" class=\"wp-block-spacer\"><\/div>\n\n\n\n<figure class=\"wp-block-gallery has-nested-images columns-4 is-cropped wp-block-gallery-1 is-layout-flex wp-block-gallery-is-layout-flex\">\n<figure class=\"wp-block-image size-large\"><a href=\"https:\/\/muzeumdk.cz\/wp-content\/uploads\/2023\/12\/Muzeum-Dvur-Kralove-Historie-muzea-10.jpg\"><img loading=\"lazy\" decoding=\"async\" width=\"1024\" height=\"788\" data-id=\"168\" src=\"https:\/\/muzeumdk.cz\/wp-content\/uploads\/2023\/12\/Muzeum-Dvur-Kralove-Historie-muzea-10-1024x788.jpg\" alt=\"\" class=\"wp-image-168\" srcset=\"https:\/\/muzeumdk.cz\/wp-content\/uploads\/2023\/12\/Muzeum-Dvur-Kralove-Historie-muzea-10-1024x788.jpg 1024w, https:\/\/muzeumdk.cz\/wp-content\/uploads\/2023\/12\/Muzeum-Dvur-Kralove-Historie-muzea-10-300x231.jpg 300w, https:\/\/muzeumdk.cz\/wp-content\/uploads\/2023\/12\/Muzeum-Dvur-Kralove-Historie-muzea-10-768x591.jpg 768w, https:\/\/muzeumdk.cz\/wp-content\/uploads\/2023\/12\/Muzeum-Dvur-Kralove-Historie-muzea-10-1536x1182.jpg 1536w, https:\/\/muzeumdk.cz\/wp-content\/uploads\/2023\/12\/Muzeum-Dvur-Kralove-Historie-muzea-10-2048x1575.jpg 2048w, https:\/\/muzeumdk.cz\/wp-content\/uploads\/2023\/12\/Muzeum-Dvur-Kralove-Historie-muzea-10-255x196.jpg 255w, https:\/\/muzeumdk.cz\/wp-content\/uploads\/2023\/12\/Muzeum-Dvur-Kralove-Historie-muzea-10-160x123.jpg 160w, https:\/\/muzeumdk.cz\/wp-content\/uploads\/2023\/12\/Muzeum-Dvur-Kralove-Historie-muzea-10-480x369.jpg 480w, https:\/\/muzeumdk.cz\/wp-content\/uploads\/2023\/12\/Muzeum-Dvur-Kralove-Historie-muzea-10-640x492.jpg 640w\" sizes=\"auto, (max-width: 1024px) 100vw, 1024px\" \/><\/a><\/figure>\n\n\n\n<figure class=\"wp-block-image size-full\"><a href=\"https:\/\/muzeumdk.cz\/wp-content\/uploads\/2023\/12\/Muzeum-Dvur-Kralove-Historie-Muzea-13.jpg\"><img loading=\"lazy\" decoding=\"async\" width=\"600\" height=\"900\" data-id=\"174\" src=\"https:\/\/muzeumdk.cz\/wp-content\/uploads\/2023\/12\/Muzeum-Dvur-Kralove-Historie-Muzea-13.jpg\" alt=\"\" class=\"wp-image-174\" srcset=\"https:\/\/muzeumdk.cz\/wp-content\/uploads\/2023\/12\/Muzeum-Dvur-Kralove-Historie-Muzea-13.jpg 600w, https:\/\/muzeumdk.cz\/wp-content\/uploads\/2023\/12\/Muzeum-Dvur-Kralove-Historie-Muzea-13-200x300.jpg 200w, https:\/\/muzeumdk.cz\/wp-content\/uploads\/2023\/12\/Muzeum-Dvur-Kralove-Historie-Muzea-13-170x255.jpg 170w, https:\/\/muzeumdk.cz\/wp-content\/uploads\/2023\/12\/Muzeum-Dvur-Kralove-Historie-Muzea-13-107x160.jpg 107w, https:\/\/muzeumdk.cz\/wp-content\/uploads\/2023\/12\/Muzeum-Dvur-Kralove-Historie-Muzea-13-320x480.jpg 320w, https:\/\/muzeumdk.cz\/wp-content\/uploads\/2023\/12\/Muzeum-Dvur-Kralove-Historie-Muzea-13-427x640.jpg 427w\" sizes=\"auto, (max-width: 600px) 100vw, 600px\" \/><\/a><\/figure>\n\n\n\n<figure class=\"wp-block-image size-full\"><a href=\"https:\/\/muzeumdk.cz\/wp-content\/uploads\/2023\/12\/Muzeum-Dvur-Kralove-Historie-Muzea-12.jpg\"><img loading=\"lazy\" decoding=\"async\" width=\"600\" height=\"900\" data-id=\"172\" src=\"https:\/\/muzeumdk.cz\/wp-content\/uploads\/2023\/12\/Muzeum-Dvur-Kralove-Historie-Muzea-12.jpg\" alt=\"\" class=\"wp-image-172\" srcset=\"https:\/\/muzeumdk.cz\/wp-content\/uploads\/2023\/12\/Muzeum-Dvur-Kralove-Historie-Muzea-12.jpg 600w, https:\/\/muzeumdk.cz\/wp-content\/uploads\/2023\/12\/Muzeum-Dvur-Kralove-Historie-Muzea-12-200x300.jpg 200w, https:\/\/muzeumdk.cz\/wp-content\/uploads\/2023\/12\/Muzeum-Dvur-Kralove-Historie-Muzea-12-170x255.jpg 170w, https:\/\/muzeumdk.cz\/wp-content\/uploads\/2023\/12\/Muzeum-Dvur-Kralove-Historie-Muzea-12-107x160.jpg 107w, https:\/\/muzeumdk.cz\/wp-content\/uploads\/2023\/12\/Muzeum-Dvur-Kralove-Historie-Muzea-12-320x480.jpg 320w, https:\/\/muzeumdk.cz\/wp-content\/uploads\/2023\/12\/Muzeum-Dvur-Kralove-Historie-Muzea-12-427x640.jpg 427w\" sizes=\"auto, (max-width: 600px) 100vw, 600px\" \/><\/a><\/figure>\n\n\n\n<figure class=\"wp-block-image size-large\"><img loading=\"lazy\" decoding=\"async\" width=\"1024\" height=\"683\" data-id=\"1041\" src=\"https:\/\/muzeumdk.cz\/wp-content\/uploads\/2024\/01\/IMG_1444-1024x683.jpg\" alt=\"\" class=\"wp-image-1041\" srcset=\"https:\/\/muzeumdk.cz\/wp-content\/uploads\/2024\/01\/IMG_1444-1024x683.jpg 1024w, https:\/\/muzeumdk.cz\/wp-content\/uploads\/2024\/01\/IMG_1444-300x200.jpg 300w, https:\/\/muzeumdk.cz\/wp-content\/uploads\/2024\/01\/IMG_1444-768x512.jpg 768w, https:\/\/muzeumdk.cz\/wp-content\/uploads\/2024\/01\/IMG_1444-1536x1024.jpg 1536w, https:\/\/muzeumdk.cz\/wp-content\/uploads\/2024\/01\/IMG_1444-2048x1365.jpg 2048w, https:\/\/muzeumdk.cz\/wp-content\/uploads\/2024\/01\/IMG_1444-255x170.jpg 255w, https:\/\/muzeumdk.cz\/wp-content\/uploads\/2024\/01\/IMG_1444-160x107.jpg 160w, https:\/\/muzeumdk.cz\/wp-content\/uploads\/2024\/01\/IMG_1444-480x320.jpg 480w, https:\/\/muzeumdk.cz\/wp-content\/uploads\/2024\/01\/IMG_1444-640x427.jpg 640w, https:\/\/muzeumdk.cz\/wp-content\/uploads\/2024\/01\/IMG_1444-1320x880.jpg 1320w\" sizes=\"auto, (max-width: 1024px) 100vw, 1024px\" \/><\/figure>\n<\/figure>\n\n\n\n<div style=\"height:3px\" aria-hidden=\"true\" class=\"wp-block-spacer\"><\/div>\n\n\n\n<p>Kohout&#8217;s Court is a baroque bulding which was build for Sporck&#8217;s foundation manor from Choustn\u00edkovo Hradi\u0161t\u011b. Dominating feature is the gate with St. Florian relief and a period picture of the court with the year of 1738 on it. The relief was supposedly brought here from Kuks by the first administrator of the&nbsp;Kohout&#8217;s Court F. A. Berger. Spectacular portal is decorated with baroque sculptures (from the left St. John Baptist, Mary the Virgin, St. John of Nepomuk). As the court belonged to Alois Kohout after the year of 1849 it began to be called Kohout&#8217;s Court.<\/p>\n\n\n\n<div style=\"height:3px\" aria-hidden=\"true\" class=\"wp-block-spacer\"><\/div>\n\n\n\n<figure class=\"wp-block-gallery has-nested-images columns-4 is-cropped wp-block-gallery-2 is-layout-flex wp-block-gallery-is-layout-flex\">\n<figure class=\"wp-block-image size-large\"><a href=\"https:\/\/muzeumdk.cz\/wp-content\/uploads\/2023\/12\/Muzeum-Dvur-Kralove-5-1.png\"><img loading=\"lazy\" decoding=\"async\" width=\"761\" height=\"544\" data-id=\"110\" src=\"https:\/\/muzeumdk.cz\/wp-content\/uploads\/2023\/12\/Muzeum-Dvur-Kralove-5-1.png\" alt=\"\" class=\"wp-image-110\" srcset=\"https:\/\/muzeumdk.cz\/wp-content\/uploads\/2023\/12\/Muzeum-Dvur-Kralove-5-1.png 761w, https:\/\/muzeumdk.cz\/wp-content\/uploads\/2023\/12\/Muzeum-Dvur-Kralove-5-1-300x214.png 300w, https:\/\/muzeumdk.cz\/wp-content\/uploads\/2023\/12\/Muzeum-Dvur-Kralove-5-1-255x182.png 255w, https:\/\/muzeumdk.cz\/wp-content\/uploads\/2023\/12\/Muzeum-Dvur-Kralove-5-1-160x114.png 160w, https:\/\/muzeumdk.cz\/wp-content\/uploads\/2023\/12\/Muzeum-Dvur-Kralove-5-1-480x343.png 480w, https:\/\/muzeumdk.cz\/wp-content\/uploads\/2023\/12\/Muzeum-Dvur-Kralove-5-1-640x458.png 640w\" sizes=\"auto, (max-width: 761px) 100vw, 761px\" \/><\/a><\/figure>\n\n\n\n<figure class=\"wp-block-image size-large\"><a href=\"https:\/\/muzeumdk.cz\/wp-content\/uploads\/2023\/12\/Muzeum-Dvur-Kralove-6-1.png\"><img loading=\"lazy\" decoding=\"async\" width=\"925\" height=\"663\" data-id=\"112\" src=\"https:\/\/muzeumdk.cz\/wp-content\/uploads\/2023\/12\/Muzeum-Dvur-Kralove-6-1.png\" alt=\"\" class=\"wp-image-112\" srcset=\"https:\/\/muzeumdk.cz\/wp-content\/uploads\/2023\/12\/Muzeum-Dvur-Kralove-6-1.png 925w, https:\/\/muzeumdk.cz\/wp-content\/uploads\/2023\/12\/Muzeum-Dvur-Kralove-6-1-300x215.png 300w, https:\/\/muzeumdk.cz\/wp-content\/uploads\/2023\/12\/Muzeum-Dvur-Kralove-6-1-768x550.png 768w, https:\/\/muzeumdk.cz\/wp-content\/uploads\/2023\/12\/Muzeum-Dvur-Kralove-6-1-255x183.png 255w, https:\/\/muzeumdk.cz\/wp-content\/uploads\/2023\/12\/Muzeum-Dvur-Kralove-6-1-160x115.png 160w, https:\/\/muzeumdk.cz\/wp-content\/uploads\/2023\/12\/Muzeum-Dvur-Kralove-6-1-480x344.png 480w, https:\/\/muzeumdk.cz\/wp-content\/uploads\/2023\/12\/Muzeum-Dvur-Kralove-6-1-640x459.png 640w\" sizes=\"auto, (max-width: 925px) 100vw, 925px\" \/><\/a><\/figure>\n\n\n\n<figure class=\"wp-block-image size-large\"><a href=\"https:\/\/muzeumdk.cz\/wp-content\/uploads\/2023\/12\/Muzeum-Dvur-Kralove-7-1.png\"><img loading=\"lazy\" decoding=\"async\" width=\"1010\" height=\"733\" data-id=\"116\" src=\"https:\/\/muzeumdk.cz\/wp-content\/uploads\/2023\/12\/Muzeum-Dvur-Kralove-7-1.png\" alt=\"\" class=\"wp-image-116\" srcset=\"https:\/\/muzeumdk.cz\/wp-content\/uploads\/2023\/12\/Muzeum-Dvur-Kralove-7-1.png 1010w, https:\/\/muzeumdk.cz\/wp-content\/uploads\/2023\/12\/Muzeum-Dvur-Kralove-7-1-300x218.png 300w, https:\/\/muzeumdk.cz\/wp-content\/uploads\/2023\/12\/Muzeum-Dvur-Kralove-7-1-768x557.png 768w, https:\/\/muzeumdk.cz\/wp-content\/uploads\/2023\/12\/Muzeum-Dvur-Kralove-7-1-255x185.png 255w, https:\/\/muzeumdk.cz\/wp-content\/uploads\/2023\/12\/Muzeum-Dvur-Kralove-7-1-160x116.png 160w, https:\/\/muzeumdk.cz\/wp-content\/uploads\/2023\/12\/Muzeum-Dvur-Kralove-7-1-480x348.png 480w, https:\/\/muzeumdk.cz\/wp-content\/uploads\/2023\/12\/Muzeum-Dvur-Kralove-7-1-640x464.png 640w\" sizes=\"auto, (max-width: 1010px) 100vw, 1010px\" \/><\/a><\/figure>\n\n\n\n<figure class=\"wp-block-image size-large\"><a href=\"https:\/\/muzeumdk.cz\/wp-content\/uploads\/2023\/12\/Muzeum-Dvur-Kralove-8-1.png\"><img loading=\"lazy\" decoding=\"async\" width=\"572\" height=\"799\" data-id=\"114\" src=\"https:\/\/muzeumdk.cz\/wp-content\/uploads\/2023\/12\/Muzeum-Dvur-Kralove-8-1.png\" alt=\"\" class=\"wp-image-114\" srcset=\"https:\/\/muzeumdk.cz\/wp-content\/uploads\/2023\/12\/Muzeum-Dvur-Kralove-8-1.png 572w, https:\/\/muzeumdk.cz\/wp-content\/uploads\/2023\/12\/Muzeum-Dvur-Kralove-8-1-215x300.png 215w, https:\/\/muzeumdk.cz\/wp-content\/uploads\/2023\/12\/Muzeum-Dvur-Kralove-8-1-183x255.png 183w, https:\/\/muzeumdk.cz\/wp-content\/uploads\/2023\/12\/Muzeum-Dvur-Kralove-8-1-115x160.png 115w, https:\/\/muzeumdk.cz\/wp-content\/uploads\/2023\/12\/Muzeum-Dvur-Kralove-8-1-344x480.png 344w, https:\/\/muzeumdk.cz\/wp-content\/uploads\/2023\/12\/Muzeum-Dvur-Kralove-8-1-458x640.png 458w\" sizes=\"auto, (max-width: 572px) 100vw, 572px\" \/><\/a><\/figure>\n<\/figure>\n\n\n\n<div style=\"height:3px\" aria-hidden=\"true\" class=\"wp-block-spacer\"><\/div>\n\n\n\n<p>Only three buildings have remained from the original estate. The main building has been used as a museum since 1978. Here the permanent exposition has been placed which documents a history of the town from its foundation up to the year 1945. What is very popular is a model of the town showing what is looked like in the 17th century. Also silver municipal seal-sticks are worth mentioning, together with stylish facilities and furniture found in villa cottages in the region under the Giant Mountains and room dedicated to Manuscript of Dv\u016fr Kr\u00e1lov\u00e9 &nbsp;or exhibits from the Prussian-Austrian war.&nbsp;In the years 2012 &#8211; 2013 has undergone a complete renovation, the implementation of which managed to get a grant from the Regional Operational Programme NUTS II Northeast in the amount 92.5%. There are permanent exhibitions, the depositary, the museum&#8217;s library and offices.<\/p>\n\n\n\n<div style=\"height:3px\" aria-hidden=\"true\" class=\"wp-block-spacer\"><\/div>\n\n\n\n<figure class=\"wp-block-gallery has-nested-images columns-default is-cropped wp-block-gallery-3 is-layout-flex wp-block-gallery-is-layout-flex\">\n<figure class=\"wp-block-image size-full\"><a href=\"https:\/\/muzeumdk.cz\/wp-content\/uploads\/2023\/12\/Muzeum-Dvur-Kralove-Historie-muzea-14-scaled.jpg\"><img loading=\"lazy\" decoding=\"async\" width=\"1920\" height=\"2560\" data-id=\"176\" src=\"https:\/\/muzeumdk.cz\/wp-content\/uploads\/2023\/12\/Muzeum-Dvur-Kralove-Historie-muzea-14-scaled.jpg\" alt=\"\" class=\"wp-image-176\" srcset=\"https:\/\/muzeumdk.cz\/wp-content\/uploads\/2023\/12\/Muzeum-Dvur-Kralove-Historie-muzea-14-scaled.jpg 1920w, https:\/\/muzeumdk.cz\/wp-content\/uploads\/2023\/12\/Muzeum-Dvur-Kralove-Historie-muzea-14-225x300.jpg 225w, https:\/\/muzeumdk.cz\/wp-content\/uploads\/2023\/12\/Muzeum-Dvur-Kralove-Historie-muzea-14-768x1024.jpg 768w, https:\/\/muzeumdk.cz\/wp-content\/uploads\/2023\/12\/Muzeum-Dvur-Kralove-Historie-muzea-14-1152x1536.jpg 1152w, https:\/\/muzeumdk.cz\/wp-content\/uploads\/2023\/12\/Muzeum-Dvur-Kralove-Historie-muzea-14-1536x2048.jpg 1536w, https:\/\/muzeumdk.cz\/wp-content\/uploads\/2023\/12\/Muzeum-Dvur-Kralove-Historie-muzea-14-191x255.jpg 191w, https:\/\/muzeumdk.cz\/wp-content\/uploads\/2023\/12\/Muzeum-Dvur-Kralove-Historie-muzea-14-120x160.jpg 120w, https:\/\/muzeumdk.cz\/wp-content\/uploads\/2023\/12\/Muzeum-Dvur-Kralove-Historie-muzea-14-360x480.jpg 360w, https:\/\/muzeumdk.cz\/wp-content\/uploads\/2023\/12\/Muzeum-Dvur-Kralove-Historie-muzea-14-480x640.jpg 480w\" sizes=\"auto, (max-width: 1920px) 100vw, 1920px\" \/><\/a><\/figure>\n\n\n\n<figure class=\"wp-block-image size-full\"><a href=\"https:\/\/muzeumdk.cz\/wp-content\/uploads\/2023\/12\/Muzeuml-Dvur-Kralove-Historie-Muzea-15-scaled.jpg\"><img loading=\"lazy\" decoding=\"async\" width=\"1920\" height=\"2560\" data-id=\"178\" src=\"https:\/\/muzeumdk.cz\/wp-content\/uploads\/2023\/12\/Muzeuml-Dvur-Kralove-Historie-Muzea-15-scaled.jpg\" alt=\"\" class=\"wp-image-178\" srcset=\"https:\/\/muzeumdk.cz\/wp-content\/uploads\/2023\/12\/Muzeuml-Dvur-Kralove-Historie-Muzea-15-scaled.jpg 1920w, https:\/\/muzeumdk.cz\/wp-content\/uploads\/2023\/12\/Muzeuml-Dvur-Kralove-Historie-Muzea-15-225x300.jpg 225w, https:\/\/muzeumdk.cz\/wp-content\/uploads\/2023\/12\/Muzeuml-Dvur-Kralove-Historie-Muzea-15-768x1024.jpg 768w, https:\/\/muzeumdk.cz\/wp-content\/uploads\/2023\/12\/Muzeuml-Dvur-Kralove-Historie-Muzea-15-1152x1536.jpg 1152w, https:\/\/muzeumdk.cz\/wp-content\/uploads\/2023\/12\/Muzeuml-Dvur-Kralove-Historie-Muzea-15-1536x2048.jpg 1536w, https:\/\/muzeumdk.cz\/wp-content\/uploads\/2023\/12\/Muzeuml-Dvur-Kralove-Historie-Muzea-15-191x255.jpg 191w, https:\/\/muzeumdk.cz\/wp-content\/uploads\/2023\/12\/Muzeuml-Dvur-Kralove-Historie-Muzea-15-120x160.jpg 120w, https:\/\/muzeumdk.cz\/wp-content\/uploads\/2023\/12\/Muzeuml-Dvur-Kralove-Historie-Muzea-15-360x480.jpg 360w, https:\/\/muzeumdk.cz\/wp-content\/uploads\/2023\/12\/Muzeuml-Dvur-Kralove-Historie-Muzea-15-480x640.jpg 480w\" sizes=\"auto, (max-width: 1920px) 100vw, 1920px\" \/><\/a><\/figure>\n<\/figure>\n\n\n\n<div style=\"height:3px\" aria-hidden=\"true\" class=\"wp-block-spacer\"><\/div>\n\n\n\n<p>In 1998 another building was opened &#8211; former grange. A part of the building is used as a gallery. Baroque Calvary made by native sculptor of Dv\u016fr Kr\u00e1lov\u00e9 &#8211; J. V. Bergl and brass statues are exhibited in this area. In the grange there is magnificent space for exhibitions and a hall where concerts, exhibitions and lectures are held.<\/p>\n\n\n\n<p>In 2018 we opened a new permanent exhibitin,. The theme od this exhibition is textile printing. The exhibition is located in the building of the former textile high school. Visitor there can see large printing machines and small wooden mold for blueprinting.&nbsp;<\/p>\n","protected":false},"excerpt":{"rendered":"<p>The municipal museum in Dv\u016fr Kr\u00e1lov\u00e9 nad Labem was founded in 1891. The first exposition concerning the history of the town and region was open as late as in 1923 in building of the Old Town Hall. After the war the museum received beautiful space in Neumann villa. After some time gallery became &nbsp;a &nbsp;part [&hellip;]<\/p>\n","protected":false},"author":1,"featured_media":0,"parent":0,"menu_order":0,"comment_status":"closed","ping_status":"closed","template":"","meta":{"footnotes":""},"class_list":["post-798","page","type-page","status-publish","hentry"],"yoast_head":"<!-- This site is optimized with the Yoast SEO plugin v27.4 - https:\/\/yoast.com\/product\/yoast-seo-wordpress\/ -->\n<title>History - M\u011bstsk\u00e9 muzeum Dv\u016fr\u00a0Kr\u00e1lov\u00e9 nad Labem<\/title>\n<meta name=\"description\" content=\"Historie m\u011bstsk\u00e9ho muzea ve Dvo\u0159e Kr\u00e1lov\u00e9m a jeho r\u016fzn\u00e9 st\u011bhov\u00e1n\u00ed, nyn\u00ed v objektu usedlosti Kohout\u016fv dv\u016fr\" \/>\n<meta name=\"robots\" content=\"index, follow, max-snippet:-1, max-image-preview:large, max-video-preview:-1\" \/>\n<link rel=\"canonical\" href=\"https:\/\/muzeumdk.cz\/en\/history\/\" \/>\n<meta property=\"og:locale\" content=\"en_US\" \/>\n<meta property=\"og:type\" content=\"article\" \/>\n<meta property=\"og:title\" content=\"History - M\u011bstsk\u00e9 muzeum Dv\u016fr\u00a0Kr\u00e1lov\u00e9 nad Labem\" \/>\n<meta property=\"og:description\" content=\"Historie m\u011bstsk\u00e9ho muzea ve Dvo\u0159e Kr\u00e1lov\u00e9m a jeho r\u016fzn\u00e9 st\u011bhov\u00e1n\u00ed, nyn\u00ed v objektu usedlosti Kohout\u016fv dv\u016fr\" \/>\n<meta property=\"og:url\" content=\"https:\/\/muzeumdk.cz\/en\/history\/\" \/>\n<meta property=\"og:site_name\" content=\"M\u011bstsk\u00e9 muzeum Dv\u016fr\u00a0Kr\u00e1lov\u00e9 nad Labem\" \/>\n<meta property=\"article:publisher\" content=\"https:\/\/www.facebook.com\/mmdknl\" \/>\n<meta property=\"article:modified_time\" content=\"2024-01-08T13:35:40+00:00\" \/>\n<meta property=\"og:image\" content=\"https:\/\/muzeumdk.cz\/wp-content\/uploads\/2023\/12\/Muzeum-Dvur-Kralove-Historie-muzea-10-1024x788.jpg\" \/>\n<meta name=\"twitter:card\" content=\"summary_large_image\" \/>\n<meta name=\"twitter:site\" content=\"@Muzeumdk\" \/>\n<meta name=\"twitter:label1\" content=\"Est. reading time\" \/>\n\t<meta name=\"twitter:data1\" content=\"5 minutes\" \/>\n<script type=\"application\/ld+json\" class=\"yoast-schema-graph\">{\"@context\":\"https:\\\/\\\/schema.org\",\"@graph\":[{\"@type\":\"WebPage\",\"@id\":\"https:\\\/\\\/muzeumdk.cz\\\/en\\\/history\\\/\",\"url\":\"https:\\\/\\\/muzeumdk.cz\\\/en\\\/history\\\/\",\"name\":\"History - M\u011bstsk\u00e9 muzeum Dv\u016fr\u00a0Kr\u00e1lov\u00e9 nad Labem\",\"isPartOf\":{\"@id\":\"https:\\\/\\\/muzeumdk.cz\\\/en\\\/#website\"},\"primaryImageOfPage\":{\"@id\":\"https:\\\/\\\/muzeumdk.cz\\\/en\\\/history\\\/#primaryimage\"},\"image\":{\"@id\":\"https:\\\/\\\/muzeumdk.cz\\\/en\\\/history\\\/#primaryimage\"},\"thumbnailUrl\":\"https:\\\/\\\/muzeumdk.cz\\\/wp-content\\\/uploads\\\/2023\\\/12\\\/Muzeum-Dvur-Kralove-Historie-muzea-10-1024x788.jpg\",\"datePublished\":\"2023-11-30T17:27:32+00:00\",\"dateModified\":\"2024-01-08T13:35:40+00:00\",\"description\":\"Historie m\u011bstsk\u00e9ho muzea ve Dvo\u0159e Kr\u00e1lov\u00e9m a jeho r\u016fzn\u00e9 st\u011bhov\u00e1n\u00ed, nyn\u00ed v objektu usedlosti Kohout\u016fv dv\u016fr\",\"breadcrumb\":{\"@id\":\"https:\\\/\\\/muzeumdk.cz\\\/en\\\/history\\\/#breadcrumb\"},\"inLanguage\":\"en-US\",\"potentialAction\":[{\"@type\":\"ReadAction\",\"target\":[\"https:\\\/\\\/muzeumdk.cz\\\/en\\\/history\\\/\"]}]},{\"@type\":\"ImageObject\",\"inLanguage\":\"en-US\",\"@id\":\"https:\\\/\\\/muzeumdk.cz\\\/en\\\/history\\\/#primaryimage\",\"url\":\"https:\\\/\\\/muzeumdk.cz\\\/wp-content\\\/uploads\\\/2023\\\/12\\\/Muzeum-Dvur-Kralove-Historie-muzea-10-1024x788.jpg\",\"contentUrl\":\"https:\\\/\\\/muzeumdk.cz\\\/wp-content\\\/uploads\\\/2023\\\/12\\\/Muzeum-Dvur-Kralove-Historie-muzea-10-1024x788.jpg\"},{\"@type\":\"BreadcrumbList\",\"@id\":\"https:\\\/\\\/muzeumdk.cz\\\/en\\\/history\\\/#breadcrumb\",\"itemListElement\":[{\"@type\":\"ListItem\",\"position\":1,\"name\":\"Home\",\"item\":\"https:\\\/\\\/muzeumdk.cz\\\/en\\\/\"},{\"@type\":\"ListItem\",\"position\":2,\"name\":\"History\"}]},{\"@type\":\"WebSite\",\"@id\":\"https:\\\/\\\/muzeumdk.cz\\\/en\\\/#website\",\"url\":\"https:\\\/\\\/muzeumdk.cz\\\/en\\\/\",\"name\":\"M\u011bstsk\u00e9 muzeum Dv\u016fr\u00a0Kr\u00e1lov\u00e9 nad Labem\",\"description\":\"M\u011bstsk\u00e9 muzeum ve Dvo\u0159e Kr\u00e1lov\u00e9 nad Labem nab\u00edz\u00ed n\u00e1v\u0161t\u011bvn\u00edk\u016fm t\u0159i st\u00e1l\u00e9 expozice.\",\"publisher\":{\"@id\":\"https:\\\/\\\/muzeumdk.cz\\\/en\\\/#organization\"},\"potentialAction\":[{\"@type\":\"SearchAction\",\"target\":{\"@type\":\"EntryPoint\",\"urlTemplate\":\"https:\\\/\\\/muzeumdk.cz\\\/en\\\/?s={search_term_string}\"},\"query-input\":{\"@type\":\"PropertyValueSpecification\",\"valueRequired\":true,\"valueName\":\"search_term_string\"}}],\"inLanguage\":\"en-US\"},{\"@type\":\"Organization\",\"@id\":\"https:\\\/\\\/muzeumdk.cz\\\/en\\\/#organization\",\"name\":\"M\u011bstsk\u00e9 muzeum Dv\u016fr\u00a0Kr\u00e1lov\u00e9 nad Labem\",\"url\":\"https:\\\/\\\/muzeumdk.cz\\\/en\\\/\",\"logo\":{\"@type\":\"ImageObject\",\"inLanguage\":\"en-US\",\"@id\":\"https:\\\/\\\/muzeumdk.cz\\\/en\\\/#\\\/schema\\\/logo\\\/image\\\/\",\"url\":\"https:\\\/\\\/muzeumdk.cz\\\/wp-content\\\/uploads\\\/2023\\\/11\\\/cropped-logo1_150.jpg\",\"contentUrl\":\"https:\\\/\\\/muzeumdk.cz\\\/wp-content\\\/uploads\\\/2023\\\/11\\\/cropped-logo1_150.jpg\",\"width\":512,\"height\":512,\"caption\":\"M\u011bstsk\u00e9 muzeum Dv\u016fr\u00a0Kr\u00e1lov\u00e9 nad Labem\"},\"image\":{\"@id\":\"https:\\\/\\\/muzeumdk.cz\\\/en\\\/#\\\/schema\\\/logo\\\/image\\\/\"},\"sameAs\":[\"https:\\\/\\\/www.facebook.com\\\/mmdknl\",\"https:\\\/\\\/x.com\\\/Muzeumdk\",\"https:\\\/\\\/www.instagram.com\\\/muzeum_ve_dvore_kralove\"]}]}<\/script>\n<!-- \/ Yoast SEO plugin. -->","yoast_head_json":{"title":"History - M\u011bstsk\u00e9 muzeum Dv\u016fr\u00a0Kr\u00e1lov\u00e9 nad Labem","description":"Historie m\u011bstsk\u00e9ho muzea ve Dvo\u0159e Kr\u00e1lov\u00e9m a jeho r\u016fzn\u00e9 st\u011bhov\u00e1n\u00ed, nyn\u00ed v objektu usedlosti Kohout\u016fv dv\u016fr","robots":{"index":"index","follow":"follow","max-snippet":"max-snippet:-1","max-image-preview":"max-image-preview:large","max-video-preview":"max-video-preview:-1"},"canonical":"https:\/\/muzeumdk.cz\/en\/history\/","og_locale":"en_US","og_type":"article","og_title":"History - M\u011bstsk\u00e9 muzeum Dv\u016fr\u00a0Kr\u00e1lov\u00e9 nad Labem","og_description":"Historie m\u011bstsk\u00e9ho muzea ve Dvo\u0159e Kr\u00e1lov\u00e9m a jeho r\u016fzn\u00e9 st\u011bhov\u00e1n\u00ed, nyn\u00ed v objektu usedlosti Kohout\u016fv dv\u016fr","og_url":"https:\/\/muzeumdk.cz\/en\/history\/","og_site_name":"M\u011bstsk\u00e9 muzeum Dv\u016fr\u00a0Kr\u00e1lov\u00e9 nad Labem","article_publisher":"https:\/\/www.facebook.com\/mmdknl","article_modified_time":"2024-01-08T13:35:40+00:00","og_image":[{"url":"https:\/\/muzeumdk.cz\/wp-content\/uploads\/2023\/12\/Muzeum-Dvur-Kralove-Historie-muzea-10-1024x788.jpg","type":"","width":"","height":""}],"twitter_card":"summary_large_image","twitter_site":"@Muzeumdk","twitter_misc":{"Est. reading time":"5 minutes"},"schema":{"@context":"https:\/\/schema.org","@graph":[{"@type":"WebPage","@id":"https:\/\/muzeumdk.cz\/en\/history\/","url":"https:\/\/muzeumdk.cz\/en\/history\/","name":"History - M\u011bstsk\u00e9 muzeum Dv\u016fr\u00a0Kr\u00e1lov\u00e9 nad Labem","isPartOf":{"@id":"https:\/\/muzeumdk.cz\/en\/#website"},"primaryImageOfPage":{"@id":"https:\/\/muzeumdk.cz\/en\/history\/#primaryimage"},"image":{"@id":"https:\/\/muzeumdk.cz\/en\/history\/#primaryimage"},"thumbnailUrl":"https:\/\/muzeumdk.cz\/wp-content\/uploads\/2023\/12\/Muzeum-Dvur-Kralove-Historie-muzea-10-1024x788.jpg","datePublished":"2023-11-30T17:27:32+00:00","dateModified":"2024-01-08T13:35:40+00:00","description":"Historie m\u011bstsk\u00e9ho muzea ve Dvo\u0159e Kr\u00e1lov\u00e9m a jeho r\u016fzn\u00e9 st\u011bhov\u00e1n\u00ed, nyn\u00ed v objektu usedlosti Kohout\u016fv dv\u016fr","breadcrumb":{"@id":"https:\/\/muzeumdk.cz\/en\/history\/#breadcrumb"},"inLanguage":"en-US","potentialAction":[{"@type":"ReadAction","target":["https:\/\/muzeumdk.cz\/en\/history\/"]}]},{"@type":"ImageObject","inLanguage":"en-US","@id":"https:\/\/muzeumdk.cz\/en\/history\/#primaryimage","url":"https:\/\/muzeumdk.cz\/wp-content\/uploads\/2023\/12\/Muzeum-Dvur-Kralove-Historie-muzea-10-1024x788.jpg","contentUrl":"https:\/\/muzeumdk.cz\/wp-content\/uploads\/2023\/12\/Muzeum-Dvur-Kralove-Historie-muzea-10-1024x788.jpg"},{"@type":"BreadcrumbList","@id":"https:\/\/muzeumdk.cz\/en\/history\/#breadcrumb","itemListElement":[{"@type":"ListItem","position":1,"name":"Home","item":"https:\/\/muzeumdk.cz\/en\/"},{"@type":"ListItem","position":2,"name":"History"}]},{"@type":"WebSite","@id":"https:\/\/muzeumdk.cz\/en\/#website","url":"https:\/\/muzeumdk.cz\/en\/","name":"M\u011bstsk\u00e9 muzeum Dv\u016fr\u00a0Kr\u00e1lov\u00e9 nad Labem","description":"M\u011bstsk\u00e9 muzeum ve Dvo\u0159e Kr\u00e1lov\u00e9 nad Labem nab\u00edz\u00ed n\u00e1v\u0161t\u011bvn\u00edk\u016fm t\u0159i st\u00e1l\u00e9 expozice.","publisher":{"@id":"https:\/\/muzeumdk.cz\/en\/#organization"},"potentialAction":[{"@type":"SearchAction","target":{"@type":"EntryPoint","urlTemplate":"https:\/\/muzeumdk.cz\/en\/?s={search_term_string}"},"query-input":{"@type":"PropertyValueSpecification","valueRequired":true,"valueName":"search_term_string"}}],"inLanguage":"en-US"},{"@type":"Organization","@id":"https:\/\/muzeumdk.cz\/en\/#organization","name":"M\u011bstsk\u00e9 muzeum Dv\u016fr\u00a0Kr\u00e1lov\u00e9 nad Labem","url":"https:\/\/muzeumdk.cz\/en\/","logo":{"@type":"ImageObject","inLanguage":"en-US","@id":"https:\/\/muzeumdk.cz\/en\/#\/schema\/logo\/image\/","url":"https:\/\/muzeumdk.cz\/wp-content\/uploads\/2023\/11\/cropped-logo1_150.jpg","contentUrl":"https:\/\/muzeumdk.cz\/wp-content\/uploads\/2023\/11\/cropped-logo1_150.jpg","width":512,"height":512,"caption":"M\u011bstsk\u00e9 muzeum Dv\u016fr\u00a0Kr\u00e1lov\u00e9 nad Labem"},"image":{"@id":"https:\/\/muzeumdk.cz\/en\/#\/schema\/logo\/image\/"},"sameAs":["https:\/\/www.facebook.com\/mmdknl","https:\/\/x.com\/Muzeumdk","https:\/\/www.instagram.com\/muzeum_ve_dvore_kralove"]}]}},"_links":{"self":[{"href":"https:\/\/muzeumdk.cz\/en\/wp-json\/wp\/v2\/pages\/798","targetHints":{"allow":["GET"]}}],"collection":[{"href":"https:\/\/muzeumdk.cz\/en\/wp-json\/wp\/v2\/pages"}],"about":[{"href":"https:\/\/muzeumdk.cz\/en\/wp-json\/wp\/v2\/types\/page"}],"author":[{"embeddable":true,"href":"https:\/\/muzeumdk.cz\/en\/wp-json\/wp\/v2\/users\/1"}],"replies":[{"embeddable":true,"href":"https:\/\/muzeumdk.cz\/en\/wp-json\/wp\/v2\/comments?post=798"}],"version-history":[{"count":3,"href":"https:\/\/muzeumdk.cz\/en\/wp-json\/wp\/v2\/pages\/798\/revisions"}],"predecessor-version":[{"id":1043,"href":"https:\/\/muzeumdk.cz\/en\/wp-json\/wp\/v2\/pages\/798\/revisions\/1043"}],"wp:attachment":[{"href":"https:\/\/muzeumdk.cz\/en\/wp-json\/wp\/v2\/media?parent=798"}],"curies":[{"name":"wp","href":"https:\/\/api.w.org\/{rel}","templated":true}]}}