{"id":419,"date":"2023-12-06T11:57:35","date_gmt":"2023-12-06T10:57:35","guid":{"rendered":"https:\/\/muzeumdk.napokusy.cz\/oteviraci-doba\/"},"modified":"2024-01-08T14:06:12","modified_gmt":"2024-01-08T13:06:12","slug":"opening-times","status":"publish","type":"page","link":"https:\/\/muzeumdk.cz\/en\/opening-times\/","title":{"rendered":"Opening times"},"content":{"rendered":"\n<div style=\"height:3px\" aria-hidden=\"true\" class=\"wp-block-spacer\"><\/div>\n\n\n\n<div class=\"wp-block-columns is-layout-flex wp-container-core-columns-is-layout-9d6595d7 wp-block-columns-is-layout-flex\">\n<div class=\"wp-block-column is-layout-flow wp-block-column-is-layout-flow\">\n<p><strong>Exhibitions<\/strong><br>(Sladkovsk\u00e9ho 530)<\/p>\n<\/div>\n\n\n\n<div class=\"wp-block-column is-layout-flow wp-block-column-is-layout-flow\">\n<p>October &#8211; April<\/p>\n\n\n\n<p>May &#8211; September<\/p>\n<\/div>\n\n\n\n<div class=\"wp-block-column is-layout-flow wp-block-column-is-layout-flow\">\n<p>Tuesday &#8211; Friday 9 &#8211; 12 \/ 13 &#8211; 16<br>Saturday &#8211; Sunday 13 &#8211; 17<\/p>\n\n\n\n<p>Tuesday &#8211; Sunday&nbsp;9 &#8211; 12 \/ 13 &#8211; 17<\/p>\n<\/div>\n<\/div>\n\n\n\n<div style=\"height:3px\" aria-hidden=\"true\" class=\"wp-block-spacer\"><\/div>\n\n\n\n<div class=\"wp-block-columns is-layout-flex wp-container-core-columns-is-layout-9d6595d7 wp-block-columns-is-layout-flex\">\n<div class=\"wp-block-column is-layout-flow wp-block-column-is-layout-flow\">\n<p><strong>Exposition of textile printing<\/strong> <br>(n\u00e1b\u0159e\u017e\u00ed Ji\u0159\u00edho Wolkera 132)<\/p>\n<\/div>\n\n\n\n<div class=\"wp-block-column is-layout-flow wp-block-column-is-layout-flow\">\n<p>May &#8211; September<\/p>\n\n\n\n<p>October &#8211; April<\/p>\n<\/div>\n\n\n\n<div class=\"wp-block-column is-layout-flow wp-block-column-is-layout-flow\">\n<p>Tuesday &#8211; Friday 9 \u2013 12 \/ 13 \u2013 17<br>Saturday &#8211; Sunday 13 \u2013 17<\/p>\n\n\n\n<p>Tuesday &#8211; Friday 9 \u2013 12 \/ 13 \u2013 16<br>Saturday &#8211; Sunday 13 \u2013 17<\/p>\n<\/div>\n<\/div>\n\n\n\n<div style=\"height:3px\" aria-hidden=\"true\" class=\"wp-block-spacer\"><\/div>\n\n\n\n<div class=\"wp-block-columns is-layout-flex wp-container-core-columns-is-layout-9d6595d7 wp-block-columns-is-layout-flex\">\n<div class=\"wp-block-column is-layout-flow wp-block-column-is-layout-flow\">\n<p><strong>Library<\/strong><\/p>\n<\/div>\n\n\n\n<div class=\"wp-block-column is-layout-flow wp-block-column-is-layout-flow\">\n<p>Please register your visit in advance<\/p>\n<\/div>\n\n\n\n<div class=\"wp-block-column is-layout-flow wp-block-column-is-layout-flow\">\n<p>\u00fat \u2013 \u010dt 9 \u2013 12 \/ 13 \u2013 16<\/p>\n<\/div>\n<\/div>\n\n\n\n<div style=\"height:3px\" aria-hidden=\"true\" class=\"wp-block-spacer\"><\/div>\n\n\n\n<div class=\"wp-block-columns is-layout-flex wp-container-core-columns-is-layout-9d6595d7 wp-block-columns-is-layout-flex\">\n<div class=\"wp-block-column is-layout-flow wp-block-column-is-layout-flow\">\n<p><strong>Star\u00e1 radnice<\/strong> <br>Exhibition hall<br>(n\u00e1m\u011bst\u00ed TGM 1)<\/p>\n<\/div>\n\n\n\n<div class=\"wp-block-column is-layout-flow wp-block-column-is-layout-flow\"><\/div>\n\n\n\n<div class=\"wp-block-column is-layout-flow wp-block-column-is-layout-flow\">\n<p>Tuesday &#8211; Friday 9 \u2013 12 \/ 13 \u2013 16<br>Saturday &#8211; Sunday 13 \u2013 16<\/p>\n<\/div>\n<\/div>\n\n\n\n<p><\/p>\n","protected":false},"excerpt":{"rendered":"<p>Exhibitions(Sladkovsk\u00e9ho 530) October &#8211; April May &#8211; September Tuesday &#8211; Friday 9 &#8211; 12 \/ 13 &#8211; 16Saturday &#8211; Sunday 13 &#8211; 17 Tuesday &#8211; Sunday&nbsp;9 &#8211; 12 \/ 13 &#8211; 17 Exposition of textile printing (n\u00e1b\u0159e\u017e\u00ed Ji\u0159\u00edho Wolkera 132) May &#8211; September October &#8211; April Tuesday &#8211; Friday 9 \u2013 12 \/ 13 \u2013 [&hellip;]<\/p>\n","protected":false},"author":1,"featured_media":0,"parent":0,"menu_order":0,"comment_status":"closed","ping_status":"closed","template":"","meta":{"footnotes":""},"class_list":["post-419","page","type-page","status-publish","hentry"],"yoast_head":"<!-- This site is optimized with the Yoast SEO plugin v27.4 - https:\/\/yoast.com\/product\/yoast-seo-wordpress\/ -->\n<title>Opening times - M\u011bstsk\u00e9 muzeum Dv\u016fr\u00a0Kr\u00e1lov\u00e9 nad Labem<\/title>\n<meta name=\"description\" content=\"Otev\u00edrac\u00ed doba muzea ve Dvo\u0159e Kr\u00e1lov\u00e9\" \/>\n<meta name=\"robots\" content=\"index, follow, max-snippet:-1, max-image-preview:large, max-video-preview:-1\" \/>\n<link rel=\"canonical\" href=\"https:\/\/muzeumdk.cz\/en\/opening-times\/\" \/>\n<meta property=\"og:locale\" content=\"en_US\" \/>\n<meta property=\"og:type\" content=\"article\" \/>\n<meta property=\"og:title\" content=\"Opening times - M\u011bstsk\u00e9 muzeum Dv\u016fr\u00a0Kr\u00e1lov\u00e9 nad Labem\" \/>\n<meta property=\"og:description\" content=\"Otev\u00edrac\u00ed doba muzea ve Dvo\u0159e Kr\u00e1lov\u00e9\" \/>\n<meta property=\"og:url\" content=\"https:\/\/muzeumdk.cz\/en\/opening-times\/\" \/>\n<meta property=\"og:site_name\" content=\"M\u011bstsk\u00e9 muzeum Dv\u016fr\u00a0Kr\u00e1lov\u00e9 nad Labem\" \/>\n<meta property=\"article:publisher\" content=\"https:\/\/www.facebook.com\/mmdknl\" \/>\n<meta property=\"article:modified_time\" content=\"2024-01-08T13:06:12+00:00\" \/>\n<meta name=\"twitter:card\" content=\"summary_large_image\" \/>\n<meta name=\"twitter:site\" content=\"@Muzeumdk\" \/>\n<meta name=\"twitter:label1\" content=\"Est. reading time\" \/>\n\t<meta name=\"twitter:data1\" content=\"1 minute\" \/>\n<script type=\"application\/ld+json\" class=\"yoast-schema-graph\">{\"@context\":\"https:\\\/\\\/schema.org\",\"@graph\":[{\"@type\":\"WebPage\",\"@id\":\"https:\\\/\\\/muzeumdk.cz\\\/en\\\/opening-times\\\/\",\"url\":\"https:\\\/\\\/muzeumdk.cz\\\/en\\\/opening-times\\\/\",\"name\":\"Opening times - M\u011bstsk\u00e9 muzeum Dv\u016fr\u00a0Kr\u00e1lov\u00e9 nad Labem\",\"isPartOf\":{\"@id\":\"https:\\\/\\\/muzeumdk.cz\\\/en\\\/#website\"},\"datePublished\":\"2023-12-06T10:57:35+00:00\",\"dateModified\":\"2024-01-08T13:06:12+00:00\",\"description\":\"Otev\u00edrac\u00ed doba muzea ve Dvo\u0159e Kr\u00e1lov\u00e9\",\"breadcrumb\":{\"@id\":\"https:\\\/\\\/muzeumdk.cz\\\/en\\\/opening-times\\\/#breadcrumb\"},\"inLanguage\":\"en-US\",\"potentialAction\":[{\"@type\":\"ReadAction\",\"target\":[\"https:\\\/\\\/muzeumdk.cz\\\/en\\\/opening-times\\\/\"]}]},{\"@type\":\"BreadcrumbList\",\"@id\":\"https:\\\/\\\/muzeumdk.cz\\\/en\\\/opening-times\\\/#breadcrumb\",\"itemListElement\":[{\"@type\":\"ListItem\",\"position\":1,\"name\":\"Home\",\"item\":\"https:\\\/\\\/muzeumdk.cz\\\/en\\\/\"},{\"@type\":\"ListItem\",\"position\":2,\"name\":\"Opening times\"}]},{\"@type\":\"WebSite\",\"@id\":\"https:\\\/\\\/muzeumdk.cz\\\/en\\\/#website\",\"url\":\"https:\\\/\\\/muzeumdk.cz\\\/en\\\/\",\"name\":\"M\u011bstsk\u00e9 muzeum Dv\u016fr\u00a0Kr\u00e1lov\u00e9 nad Labem\",\"description\":\"M\u011bstsk\u00e9 muzeum ve Dvo\u0159e Kr\u00e1lov\u00e9 nad Labem nab\u00edz\u00ed n\u00e1v\u0161t\u011bvn\u00edk\u016fm t\u0159i st\u00e1l\u00e9 expozice.\",\"publisher\":{\"@id\":\"https:\\\/\\\/muzeumdk.cz\\\/en\\\/#organization\"},\"potentialAction\":[{\"@type\":\"SearchAction\",\"target\":{\"@type\":\"EntryPoint\",\"urlTemplate\":\"https:\\\/\\\/muzeumdk.cz\\\/en\\\/?s={search_term_string}\"},\"query-input\":{\"@type\":\"PropertyValueSpecification\",\"valueRequired\":true,\"valueName\":\"search_term_string\"}}],\"inLanguage\":\"en-US\"},{\"@type\":\"Organization\",\"@id\":\"https:\\\/\\\/muzeumdk.cz\\\/en\\\/#organization\",\"name\":\"M\u011bstsk\u00e9 muzeum Dv\u016fr\u00a0Kr\u00e1lov\u00e9 nad Labem\",\"url\":\"https:\\\/\\\/muzeumdk.cz\\\/en\\\/\",\"logo\":{\"@type\":\"ImageObject\",\"inLanguage\":\"en-US\",\"@id\":\"https:\\\/\\\/muzeumdk.cz\\\/en\\\/#\\\/schema\\\/logo\\\/image\\\/\",\"url\":\"https:\\\/\\\/muzeumdk.cz\\\/wp-content\\\/uploads\\\/2023\\\/11\\\/cropped-logo1_150.jpg\",\"contentUrl\":\"https:\\\/\\\/muzeumdk.cz\\\/wp-content\\\/uploads\\\/2023\\\/11\\\/cropped-logo1_150.jpg\",\"width\":512,\"height\":512,\"caption\":\"M\u011bstsk\u00e9 muzeum Dv\u016fr\u00a0Kr\u00e1lov\u00e9 nad Labem\"},\"image\":{\"@id\":\"https:\\\/\\\/muzeumdk.cz\\\/en\\\/#\\\/schema\\\/logo\\\/image\\\/\"},\"sameAs\":[\"https:\\\/\\\/www.facebook.com\\\/mmdknl\",\"https:\\\/\\\/x.com\\\/Muzeumdk\",\"https:\\\/\\\/www.instagram.com\\\/muzeum_ve_dvore_kralove\"]}]}<\/script>\n<!-- \/ Yoast SEO plugin. -->","yoast_head_json":{"title":"Opening times - M\u011bstsk\u00e9 muzeum Dv\u016fr\u00a0Kr\u00e1lov\u00e9 nad Labem","description":"Otev\u00edrac\u00ed doba muzea ve Dvo\u0159e Kr\u00e1lov\u00e9","robots":{"index":"index","follow":"follow","max-snippet":"max-snippet:-1","max-image-preview":"max-image-preview:large","max-video-preview":"max-video-preview:-1"},"canonical":"https:\/\/muzeumdk.cz\/en\/opening-times\/","og_locale":"en_US","og_type":"article","og_title":"Opening times - M\u011bstsk\u00e9 muzeum Dv\u016fr\u00a0Kr\u00e1lov\u00e9 nad Labem","og_description":"Otev\u00edrac\u00ed doba muzea ve Dvo\u0159e Kr\u00e1lov\u00e9","og_url":"https:\/\/muzeumdk.cz\/en\/opening-times\/","og_site_name":"M\u011bstsk\u00e9 muzeum Dv\u016fr\u00a0Kr\u00e1lov\u00e9 nad Labem","article_publisher":"https:\/\/www.facebook.com\/mmdknl","article_modified_time":"2024-01-08T13:06:12+00:00","twitter_card":"summary_large_image","twitter_site":"@Muzeumdk","twitter_misc":{"Est. reading time":"1 minute"},"schema":{"@context":"https:\/\/schema.org","@graph":[{"@type":"WebPage","@id":"https:\/\/muzeumdk.cz\/en\/opening-times\/","url":"https:\/\/muzeumdk.cz\/en\/opening-times\/","name":"Opening times - M\u011bstsk\u00e9 muzeum Dv\u016fr\u00a0Kr\u00e1lov\u00e9 nad Labem","isPartOf":{"@id":"https:\/\/muzeumdk.cz\/en\/#website"},"datePublished":"2023-12-06T10:57:35+00:00","dateModified":"2024-01-08T13:06:12+00:00","description":"Otev\u00edrac\u00ed doba muzea ve Dvo\u0159e Kr\u00e1lov\u00e9","breadcrumb":{"@id":"https:\/\/muzeumdk.cz\/en\/opening-times\/#breadcrumb"},"inLanguage":"en-US","potentialAction":[{"@type":"ReadAction","target":["https:\/\/muzeumdk.cz\/en\/opening-times\/"]}]},{"@type":"BreadcrumbList","@id":"https:\/\/muzeumdk.cz\/en\/opening-times\/#breadcrumb","itemListElement":[{"@type":"ListItem","position":1,"name":"Home","item":"https:\/\/muzeumdk.cz\/en\/"},{"@type":"ListItem","position":2,"name":"Opening times"}]},{"@type":"WebSite","@id":"https:\/\/muzeumdk.cz\/en\/#website","url":"https:\/\/muzeumdk.cz\/en\/","name":"M\u011bstsk\u00e9 muzeum Dv\u016fr\u00a0Kr\u00e1lov\u00e9 nad Labem","description":"M\u011bstsk\u00e9 muzeum ve Dvo\u0159e Kr\u00e1lov\u00e9 nad Labem nab\u00edz\u00ed n\u00e1v\u0161t\u011bvn\u00edk\u016fm t\u0159i st\u00e1l\u00e9 expozice.","publisher":{"@id":"https:\/\/muzeumdk.cz\/en\/#organization"},"potentialAction":[{"@type":"SearchAction","target":{"@type":"EntryPoint","urlTemplate":"https:\/\/muzeumdk.cz\/en\/?s={search_term_string}"},"query-input":{"@type":"PropertyValueSpecification","valueRequired":true,"valueName":"search_term_string"}}],"inLanguage":"en-US"},{"@type":"Organization","@id":"https:\/\/muzeumdk.cz\/en\/#organization","name":"M\u011bstsk\u00e9 muzeum Dv\u016fr\u00a0Kr\u00e1lov\u00e9 nad Labem","url":"https:\/\/muzeumdk.cz\/en\/","logo":{"@type":"ImageObject","inLanguage":"en-US","@id":"https:\/\/muzeumdk.cz\/en\/#\/schema\/logo\/image\/","url":"https:\/\/muzeumdk.cz\/wp-content\/uploads\/2023\/11\/cropped-logo1_150.jpg","contentUrl":"https:\/\/muzeumdk.cz\/wp-content\/uploads\/2023\/11\/cropped-logo1_150.jpg","width":512,"height":512,"caption":"M\u011bstsk\u00e9 muzeum Dv\u016fr\u00a0Kr\u00e1lov\u00e9 nad Labem"},"image":{"@id":"https:\/\/muzeumdk.cz\/en\/#\/schema\/logo\/image\/"},"sameAs":["https:\/\/www.facebook.com\/mmdknl","https:\/\/x.com\/Muzeumdk","https:\/\/www.instagram.com\/muzeum_ve_dvore_kralove"]}]}},"_links":{"self":[{"href":"https:\/\/muzeumdk.cz\/en\/wp-json\/wp\/v2\/pages\/419","targetHints":{"allow":["GET"]}}],"collection":[{"href":"https:\/\/muzeumdk.cz\/en\/wp-json\/wp\/v2\/pages"}],"about":[{"href":"https:\/\/muzeumdk.cz\/en\/wp-json\/wp\/v2\/types\/page"}],"author":[{"embeddable":true,"href":"https:\/\/muzeumdk.cz\/en\/wp-json\/wp\/v2\/users\/1"}],"replies":[{"embeddable":true,"href":"https:\/\/muzeumdk.cz\/en\/wp-json\/wp\/v2\/comments?post=419"}],"version-history":[{"count":9,"href":"https:\/\/muzeumdk.cz\/en\/wp-json\/wp\/v2\/pages\/419\/revisions"}],"predecessor-version":[{"id":1027,"href":"https:\/\/muzeumdk.cz\/en\/wp-json\/wp\/v2\/pages\/419\/revisions\/1027"}],"wp:attachment":[{"href":"https:\/\/muzeumdk.cz\/en\/wp-json\/wp\/v2\/media?parent=419"}],"curies":[{"name":"wp","href":"https:\/\/api.w.org\/{rel}","templated":true}]}}