{"id":415,"date":"2023-12-06T11:47:59","date_gmt":"2023-12-06T10:47:59","guid":{"rendered":"https:\/\/muzeumdk.napokusy.cz\/cenik\/"},"modified":"2024-01-08T14:06:38","modified_gmt":"2024-01-08T13:06:38","slug":"admission","status":"publish","type":"page","link":"https:\/\/muzeumdk.cz\/en\/admission\/","title":{"rendered":"Admission"},"content":{"rendered":"\n<div style=\"height:3px\" aria-hidden=\"true\" class=\"wp-block-spacer\"><\/div>\n\n\n\n<div class=\"wp-block-columns is-layout-flex wp-container-core-columns-is-layout-9d6595d7 wp-block-columns-is-layout-flex\">\n<div class=\"wp-block-column is-layout-flow wp-block-column-is-layout-flow\">\n<p class=\"has-text-align-left\"><strong>Christmas decorations<\/strong><\/p>\n<\/div>\n\n\n\n<div class=\"wp-block-column is-layout-flow wp-block-column-is-layout-flow\">\n<p>Adult<br>Child, Senior<br>Family<\/p>\n<\/div>\n\n\n\n<div class=\"wp-block-column is-layout-flow wp-block-column-is-layout-flow\">\n<p>50 K\u010d<br>25 K\u010d<br>130 K\u010d<\/p>\n<\/div>\n<\/div>\n\n\n\n<div style=\"height:3px\" aria-hidden=\"true\" class=\"wp-block-spacer\"><\/div>\n\n\n\n<div class=\"wp-block-columns is-layout-flex wp-container-core-columns-is-layout-9d6595d7 wp-block-columns-is-layout-flex\">\n<div class=\"wp-block-column is-layout-flow wp-block-column-is-layout-flow\">\n<p class=\"has-text-align-left\"><strong>Historical exposition<\/strong><\/p>\n<\/div>\n\n\n\n<div class=\"wp-block-column is-layout-flow wp-block-column-is-layout-flow\">\n<p>Adult<br>Child, Senior<br>Family<\/p>\n<\/div>\n\n\n\n<div class=\"wp-block-column is-layout-flow wp-block-column-is-layout-flow\">\n<p>50 K\u010d<br>25 K\u010d<br>130 K\u010d<\/p>\n<\/div>\n<\/div>\n\n\n\n<div style=\"height:3px\" aria-hidden=\"true\" class=\"wp-block-spacer\"><\/div>\n\n\n\n<div class=\"wp-block-columns is-layout-flex wp-container-core-columns-is-layout-9d6595d7 wp-block-columns-is-layout-flex\">\n<div class=\"wp-block-column is-layout-flow wp-block-column-is-layout-flow\">\n<p class=\"has-text-align-left\"><strong>Exposition of textile printing<\/strong><\/p>\n<\/div>\n\n\n\n<div class=\"wp-block-column is-layout-flow wp-block-column-is-layout-flow\">\n<p>Adult<br>Child, Senior<br>Family<\/p>\n<\/div>\n\n\n\n<div class=\"wp-block-column is-layout-flow wp-block-column-is-layout-flow\">\n<p>50 K\u010d<br>25 K\u010d<br>130 K\u010d<\/p>\n<\/div>\n<\/div>\n\n\n\n<div style=\"height:3px\" aria-hidden=\"true\" class=\"wp-block-spacer\"><\/div>\n\n\n\n<div class=\"wp-block-columns is-layout-flex wp-container-core-columns-is-layout-9d6595d7 wp-block-columns-is-layout-flex\">\n<div class=\"wp-block-column is-layout-flow wp-block-column-is-layout-flow\">\n<p class=\"has-text-align-left\"><strong>Temporary exhibition<\/strong><\/p>\n<\/div>\n\n\n\n<div class=\"wp-block-column is-layout-flow wp-block-column-is-layout-flow\">\n<p>Adult<br>Child, Senior<\/p>\n<\/div>\n\n\n\n<div class=\"wp-block-column is-layout-flow wp-block-column-is-layout-flow\">\n<p>80 K\u010d<br>60 K\u010d<\/p>\n<\/div>\n<\/div>\n\n\n\n<div style=\"height:3px\" aria-hidden=\"true\" class=\"wp-block-spacer\"><\/div>\n\n\n\n<div class=\"wp-block-columns is-layout-flex wp-container-core-columns-is-layout-9d6595d7 wp-block-columns-is-layout-flex\">\n<div class=\"wp-block-column is-layout-flow wp-block-column-is-layout-flow\">\n<p class=\"has-text-align-left\"><strong>Gallery<\/strong><\/p>\n<\/div>\n\n\n\n<div class=\"wp-block-column is-layout-flow wp-block-column-is-layout-flow\">\n<p>Adult<br>Child, Senior<br>Family<\/p>\n<\/div>\n\n\n\n<div class=\"wp-block-column is-layout-flow wp-block-column-is-layout-flow\">\n<p>50 K\u010d<br>25 K\u010d<br>130 K\u010d<\/p>\n<\/div>\n<\/div>\n\n\n\n<div style=\"height:3px\" aria-hidden=\"true\" class=\"wp-block-spacer\"><\/div>\n\n\n\n<div class=\"wp-block-columns is-layout-flex wp-container-core-columns-is-layout-9d6595d7 wp-block-columns-is-layout-flex\">\n<div class=\"wp-block-column is-layout-flow wp-block-column-is-layout-flow\">\n<p><strong>All exhibitions <\/strong><br><strong>+ Temporary exhibition<\/strong><\/p>\n<\/div>\n\n\n\n<div class=\"wp-block-column is-layout-flow wp-block-column-is-layout-flow\">\n<p>Adult<br>Child, Senior<br>Family<\/p>\n<\/div>\n\n\n\n<div class=\"wp-block-column is-layout-flow wp-block-column-is-layout-flow\">\n<p>150 K\u010d<br>75 K\u010d<br>400 K\u010d<\/p>\n<\/div>\n<\/div>\n\n\n\n<div class=\"wp-block-columns is-layout-flex wp-container-core-columns-is-layout-9d6595d7 wp-block-columns-is-layout-flex\">\n<div class=\"wp-block-column is-layout-flow wp-block-column-is-layout-flow\">\n<p class=\"has-text-align-left\"><strong>All exhibitions <br>+ Exhibition of textile printing<\/strong><br><strong>+Temporary exhibition<\/strong><\/p>\n<\/div>\n\n\n\n<div class=\"wp-block-column is-layout-flow wp-block-column-is-layout-flow\">\n<p>Adult<br>Child, Senior<br>Family<\/p>\n<\/div>\n\n\n\n<div class=\"wp-block-column is-layout-flow wp-block-column-is-layout-flow\">\n<p>200 K\u010d<br>100 K\u010d<br>450 K\u010d<\/p>\n<\/div>\n<\/div>\n\n\n\n<div style=\"height:3px\" aria-hidden=\"true\" class=\"wp-block-spacer\"><\/div>\n\n\n\n<p>Pay by credit card possible.<\/p>\n","protected":false},"excerpt":{"rendered":"<p>Christmas decorations AdultChild, SeniorFamily 50 K\u010d25 K\u010d130 K\u010d Historical exposition AdultChild, SeniorFamily 50 K\u010d25 K\u010d130 K\u010d Exposition of textile printing AdultChild, SeniorFamily 50 K\u010d25 K\u010d130 K\u010d Temporary exhibition AdultChild, Senior 80 K\u010d60 K\u010d Gallery AdultChild, SeniorFamily 50 K\u010d25 K\u010d130 K\u010d All exhibitions + Temporary exhibition AdultChild, SeniorFamily 150 K\u010d75 K\u010d400 K\u010d All exhibitions + Exhibition [&hellip;]<\/p>\n","protected":false},"author":1,"featured_media":0,"parent":0,"menu_order":0,"comment_status":"closed","ping_status":"closed","template":"","meta":{"footnotes":""},"class_list":["post-415","page","type-page","status-publish","hentry"],"yoast_head":"<!-- This site is optimized with the Yoast SEO plugin v27.2 - https:\/\/yoast.com\/product\/yoast-seo-wordpress\/ -->\n<title>Admission - M\u011bstsk\u00e9 muzeum Dv\u016fr\u00a0Kr\u00e1lov\u00e9 nad Labem<\/title>\n<meta name=\"description\" content=\"Cen\u00edky na expozice a v\u00fdstavy, pln\u00e9, sn\u00ed\u017een\u00e9\u00ed a rodinn\u00e9 vstupn\u00e9\" \/>\n<meta name=\"robots\" content=\"index, follow, max-snippet:-1, max-image-preview:large, max-video-preview:-1\" \/>\n<link rel=\"canonical\" href=\"https:\/\/muzeumdk.cz\/en\/admission\/\" \/>\n<meta property=\"og:locale\" content=\"en_US\" \/>\n<meta property=\"og:type\" content=\"article\" \/>\n<meta property=\"og:title\" content=\"Admission - M\u011bstsk\u00e9 muzeum Dv\u016fr\u00a0Kr\u00e1lov\u00e9 nad Labem\" \/>\n<meta property=\"og:description\" content=\"Cen\u00edky na expozice a v\u00fdstavy, pln\u00e9, sn\u00ed\u017een\u00e9\u00ed a rodinn\u00e9 vstupn\u00e9\" \/>\n<meta property=\"og:url\" content=\"https:\/\/muzeumdk.cz\/en\/admission\/\" \/>\n<meta property=\"og:site_name\" content=\"M\u011bstsk\u00e9 muzeum Dv\u016fr\u00a0Kr\u00e1lov\u00e9 nad Labem\" \/>\n<meta property=\"article:publisher\" content=\"https:\/\/www.facebook.com\/mmdknl\" \/>\n<meta property=\"article:modified_time\" content=\"2024-01-08T13:06:38+00:00\" \/>\n<meta name=\"twitter:card\" content=\"summary_large_image\" \/>\n<meta name=\"twitter:site\" content=\"@Muzeumdk\" \/>\n<meta name=\"twitter:label1\" content=\"Est. reading time\" \/>\n\t<meta name=\"twitter:data1\" content=\"1 minute\" \/>\n<script type=\"application\/ld+json\" class=\"yoast-schema-graph\">{\"@context\":\"https:\/\/schema.org\",\"@graph\":[{\"@type\":\"WebPage\",\"@id\":\"https:\/\/muzeumdk.cz\/en\/admission\/\",\"url\":\"https:\/\/muzeumdk.cz\/en\/admission\/\",\"name\":\"Admission - M\u011bstsk\u00e9 muzeum Dv\u016fr\u00a0Kr\u00e1lov\u00e9 nad Labem\",\"isPartOf\":{\"@id\":\"https:\/\/muzeumdk.cz\/en\/#website\"},\"datePublished\":\"2023-12-06T10:47:59+00:00\",\"dateModified\":\"2024-01-08T13:06:38+00:00\",\"description\":\"Cen\u00edky na expozice a v\u00fdstavy, pln\u00e9, sn\u00ed\u017een\u00e9\u00ed a rodinn\u00e9 vstupn\u00e9\",\"breadcrumb\":{\"@id\":\"https:\/\/muzeumdk.cz\/en\/admission\/#breadcrumb\"},\"inLanguage\":\"en-US\",\"potentialAction\":[{\"@type\":\"ReadAction\",\"target\":[\"https:\/\/muzeumdk.cz\/en\/admission\/\"]}]},{\"@type\":\"BreadcrumbList\",\"@id\":\"https:\/\/muzeumdk.cz\/en\/admission\/#breadcrumb\",\"itemListElement\":[{\"@type\":\"ListItem\",\"position\":1,\"name\":\"Home\",\"item\":\"https:\/\/muzeumdk.cz\/en\/\"},{\"@type\":\"ListItem\",\"position\":2,\"name\":\"Admission\"}]},{\"@type\":\"WebSite\",\"@id\":\"https:\/\/muzeumdk.cz\/en\/#website\",\"url\":\"https:\/\/muzeumdk.cz\/en\/\",\"name\":\"M\u011bstsk\u00e9 muzeum Dv\u016fr\u00a0Kr\u00e1lov\u00e9 nad Labem\",\"description\":\"M\u011bstsk\u00e9 muzeum ve Dvo\u0159e Kr\u00e1lov\u00e9 nad Labem nab\u00edz\u00ed n\u00e1v\u0161t\u011bvn\u00edk\u016fm t\u0159i st\u00e1l\u00e9 expozice.\",\"publisher\":{\"@id\":\"https:\/\/muzeumdk.cz\/en\/#organization\"},\"potentialAction\":[{\"@type\":\"SearchAction\",\"target\":{\"@type\":\"EntryPoint\",\"urlTemplate\":\"https:\/\/muzeumdk.cz\/en\/?s={search_term_string}\"},\"query-input\":{\"@type\":\"PropertyValueSpecification\",\"valueRequired\":true,\"valueName\":\"search_term_string\"}}],\"inLanguage\":\"en-US\"},{\"@type\":\"Organization\",\"@id\":\"https:\/\/muzeumdk.cz\/en\/#organization\",\"name\":\"M\u011bstsk\u00e9 muzeum Dv\u016fr\u00a0Kr\u00e1lov\u00e9 nad Labem\",\"url\":\"https:\/\/muzeumdk.cz\/en\/\",\"logo\":{\"@type\":\"ImageObject\",\"inLanguage\":\"en-US\",\"@id\":\"https:\/\/muzeumdk.cz\/en\/#\/schema\/logo\/image\/\",\"url\":\"https:\/\/muzeumdk.cz\/wp-content\/uploads\/2023\/11\/cropped-logo1_150.jpg\",\"contentUrl\":\"https:\/\/muzeumdk.cz\/wp-content\/uploads\/2023\/11\/cropped-logo1_150.jpg\",\"width\":512,\"height\":512,\"caption\":\"M\u011bstsk\u00e9 muzeum Dv\u016fr\u00a0Kr\u00e1lov\u00e9 nad Labem\"},\"image\":{\"@id\":\"https:\/\/muzeumdk.cz\/en\/#\/schema\/logo\/image\/\"},\"sameAs\":[\"https:\/\/www.facebook.com\/mmdknl\",\"https:\/\/x.com\/Muzeumdk\",\"https:\/\/www.instagram.com\/muzeum_ve_dvore_kralove\"]}]}<\/script>\n<!-- \/ Yoast SEO plugin. -->","yoast_head_json":{"title":"Admission - M\u011bstsk\u00e9 muzeum Dv\u016fr\u00a0Kr\u00e1lov\u00e9 nad Labem","description":"Cen\u00edky na expozice a v\u00fdstavy, pln\u00e9, sn\u00ed\u017een\u00e9\u00ed a rodinn\u00e9 vstupn\u00e9","robots":{"index":"index","follow":"follow","max-snippet":"max-snippet:-1","max-image-preview":"max-image-preview:large","max-video-preview":"max-video-preview:-1"},"canonical":"https:\/\/muzeumdk.cz\/en\/admission\/","og_locale":"en_US","og_type":"article","og_title":"Admission - M\u011bstsk\u00e9 muzeum Dv\u016fr\u00a0Kr\u00e1lov\u00e9 nad Labem","og_description":"Cen\u00edky na expozice a v\u00fdstavy, pln\u00e9, sn\u00ed\u017een\u00e9\u00ed a rodinn\u00e9 vstupn\u00e9","og_url":"https:\/\/muzeumdk.cz\/en\/admission\/","og_site_name":"M\u011bstsk\u00e9 muzeum Dv\u016fr\u00a0Kr\u00e1lov\u00e9 nad Labem","article_publisher":"https:\/\/www.facebook.com\/mmdknl","article_modified_time":"2024-01-08T13:06:38+00:00","twitter_card":"summary_large_image","twitter_site":"@Muzeumdk","twitter_misc":{"Est. reading time":"1 minute"},"schema":{"@context":"https:\/\/schema.org","@graph":[{"@type":"WebPage","@id":"https:\/\/muzeumdk.cz\/en\/admission\/","url":"https:\/\/muzeumdk.cz\/en\/admission\/","name":"Admission - M\u011bstsk\u00e9 muzeum Dv\u016fr\u00a0Kr\u00e1lov\u00e9 nad Labem","isPartOf":{"@id":"https:\/\/muzeumdk.cz\/en\/#website"},"datePublished":"2023-12-06T10:47:59+00:00","dateModified":"2024-01-08T13:06:38+00:00","description":"Cen\u00edky na expozice a v\u00fdstavy, pln\u00e9, sn\u00ed\u017een\u00e9\u00ed a rodinn\u00e9 vstupn\u00e9","breadcrumb":{"@id":"https:\/\/muzeumdk.cz\/en\/admission\/#breadcrumb"},"inLanguage":"en-US","potentialAction":[{"@type":"ReadAction","target":["https:\/\/muzeumdk.cz\/en\/admission\/"]}]},{"@type":"BreadcrumbList","@id":"https:\/\/muzeumdk.cz\/en\/admission\/#breadcrumb","itemListElement":[{"@type":"ListItem","position":1,"name":"Home","item":"https:\/\/muzeumdk.cz\/en\/"},{"@type":"ListItem","position":2,"name":"Admission"}]},{"@type":"WebSite","@id":"https:\/\/muzeumdk.cz\/en\/#website","url":"https:\/\/muzeumdk.cz\/en\/","name":"M\u011bstsk\u00e9 muzeum Dv\u016fr\u00a0Kr\u00e1lov\u00e9 nad Labem","description":"M\u011bstsk\u00e9 muzeum ve Dvo\u0159e Kr\u00e1lov\u00e9 nad Labem nab\u00edz\u00ed n\u00e1v\u0161t\u011bvn\u00edk\u016fm t\u0159i st\u00e1l\u00e9 expozice.","publisher":{"@id":"https:\/\/muzeumdk.cz\/en\/#organization"},"potentialAction":[{"@type":"SearchAction","target":{"@type":"EntryPoint","urlTemplate":"https:\/\/muzeumdk.cz\/en\/?s={search_term_string}"},"query-input":{"@type":"PropertyValueSpecification","valueRequired":true,"valueName":"search_term_string"}}],"inLanguage":"en-US"},{"@type":"Organization","@id":"https:\/\/muzeumdk.cz\/en\/#organization","name":"M\u011bstsk\u00e9 muzeum Dv\u016fr\u00a0Kr\u00e1lov\u00e9 nad Labem","url":"https:\/\/muzeumdk.cz\/en\/","logo":{"@type":"ImageObject","inLanguage":"en-US","@id":"https:\/\/muzeumdk.cz\/en\/#\/schema\/logo\/image\/","url":"https:\/\/muzeumdk.cz\/wp-content\/uploads\/2023\/11\/cropped-logo1_150.jpg","contentUrl":"https:\/\/muzeumdk.cz\/wp-content\/uploads\/2023\/11\/cropped-logo1_150.jpg","width":512,"height":512,"caption":"M\u011bstsk\u00e9 muzeum Dv\u016fr\u00a0Kr\u00e1lov\u00e9 nad Labem"},"image":{"@id":"https:\/\/muzeumdk.cz\/en\/#\/schema\/logo\/image\/"},"sameAs":["https:\/\/www.facebook.com\/mmdknl","https:\/\/x.com\/Muzeumdk","https:\/\/www.instagram.com\/muzeum_ve_dvore_kralove"]}]}},"_links":{"self":[{"href":"https:\/\/muzeumdk.cz\/en\/wp-json\/wp\/v2\/pages\/415","targetHints":{"allow":["GET"]}}],"collection":[{"href":"https:\/\/muzeumdk.cz\/en\/wp-json\/wp\/v2\/pages"}],"about":[{"href":"https:\/\/muzeumdk.cz\/en\/wp-json\/wp\/v2\/types\/page"}],"author":[{"embeddable":true,"href":"https:\/\/muzeumdk.cz\/en\/wp-json\/wp\/v2\/users\/1"}],"replies":[{"embeddable":true,"href":"https:\/\/muzeumdk.cz\/en\/wp-json\/wp\/v2\/comments?post=415"}],"version-history":[{"count":5,"href":"https:\/\/muzeumdk.cz\/en\/wp-json\/wp\/v2\/pages\/415\/revisions"}],"predecessor-version":[{"id":1028,"href":"https:\/\/muzeumdk.cz\/en\/wp-json\/wp\/v2\/pages\/415\/revisions\/1028"}],"wp:attachment":[{"href":"https:\/\/muzeumdk.cz\/en\/wp-json\/wp\/v2\/media?parent=415"}],"curies":[{"name":"wp","href":"https:\/\/api.w.org\/{rel}","templated":true}]}}