{"id":409,"date":"2023-11-30T18:26:44","date_gmt":"2023-11-30T17:26:44","guid":{"rendered":"https:\/\/muzeumdk.napokusy.cz\/kontakty\/"},"modified":"2023-12-12T20:42:36","modified_gmt":"2023-12-12T19:42:36","slug":"contact","status":"publish","type":"page","link":"https:\/\/muzeumdk.cz\/en\/contact\/","title":{"rendered":"Contact"},"content":{"rendered":"\n<div class=\"wp-block-columns is-layout-flex wp-container-core-columns-is-layout-9d6595d7 wp-block-columns-is-layout-flex\">\n<div class=\"wp-block-column is-layout-flow wp-block-column-is-layout-flow\" style=\"flex-basis:66.66%\">\n<p>Municipal museum Dv\u016fr Kr\u00e1lov\u00e9 nad Labem<\/p>\n\n\n\n<p>Sladkovsk\u00e9ho 530, Dv\u016fr Kr\u00e1lov\u00e9 nad Labem<\/p>\n\n\n\n<p>telefon:<br><a href=\"tel: +420 499 318 326\">+420 499 318 326<\/a><br><a href=\"tel: +420 603 295 389\">+420 603 295 389<\/a><\/p>\n\n\n\n<p>e-mail: <a href=\"mailto:info@muzeumdk.cz\">info@muzeumdk.cz<\/a><\/p>\n\n\n\n<p>I\u010c: 43464386<\/p>\n\n\n\n<h4 class=\"wp-block-heading\"><strong>Exhibition of textile printing<\/strong><\/h4>\n\n\n\n<p>n\u00e1b\u0159e\u017e\u00ed Ji\u0159\u00edho Wolkera 132, Dv\u016fr Kr\u00e1lov\u00e9 nad Labem<\/p>\n\n\n\n<p>+420 730 141 819<\/p>\n\n\n\n<p><strong>e-mail<\/strong>:&nbsp;<a href=\"mailto:textil@muzeumdk.cz\">textil@muzeumdk.cz<\/a><\/p>\n<\/div>\n\n\n\n<div class=\"wp-block-column is-vertically-aligned-center is-layout-flow wp-block-column-is-layout-flow\" style=\"flex-basis:33.33%\">\n<pre class=\"wp-block-code\"><iframe src=\"https:\/\/www.google.com\/maps\/embed?pb=!1m18!1m12!1m3!1d635.3291911797107!2d15.81608037039615!3d50.43520018365029!2m3!1f0!2f0!3f0!3m2!1i1024!2i768!4f13.1!3m3!1m2!1s0x470e8f5fda059b97%3A0xee1c6514a82e1fd1!2zTcSbc3Rza8OpIG11emV1bSB2ZSBEdm_FmWUgS3LDoWxvdsOpIG5hZCBMYWJlbQ!5e0!3m2!1scs!2scz!4v1684151568958!5m2!1scs!2scz\" width=\"100%\" height=\"450\" style=\"border:0;\" allowfullscreen=\"\" loading=\"lazy\" referrerpolicy=\"no-referrer-when-downgrade\"><\/iframe><\/code><\/pre>\n<\/div>\n<\/div>\n\n\n\n<hr class=\"wp-block-separator has-alpha-channel-opacity\"\/>\n\n\n\n<h4 class=\"wp-block-heading\">About us<\/h4>\n\n\n\n<p>Ing. Mgr. Alexandra Ji\u0159i\u010dkov\u00e1, director<br><a href=\"mailto:reditelka@muzeumdk.cz\">reditelka@muzeumdk.cz<\/a><\/p>\n\n\n\n<p>Mgr. Michaela V\u00e1lkov\u00e1, administrator of historical collections<br><a href=\"mailto:sbirky@muzeumdk.cz\">sbirky@muzeumdk.cz<\/a><\/p>\n\n\n\n<p>Mgr. Kate\u0159ina Ml\u00e1dkov\u00e1 manager of photographic collections, art exhibitions solution,&nbsp;propagation<br><a href=\"mailto:fotoarchiv@muzeumdk.cz\">fotoarchiv@muzeumdk.cz<\/a><\/p>\n\n\n\n<p>Bc. Dana Humlov\u00e1, librarian, guide,&nbsp;educational activities<br><a href=\"mailto:knihovna@muzeumdk.cz\">knihovna@muzeumdk.cz<\/a><\/p>\n\n\n\n<p>Dagmar Steinerov\u00e1, economist, cashier<br><a href=\"mailto:ucetni@muzeumdk.cz\">ucetni@muzeumdk.cz<\/a><\/p>\n\n\n\n<p>Denisa Semer\u00e1kov\u00e1,&nbsp;caretaker, adiministrator of &nbsp;Geisler collection<\/p>\n\n\n\n<p>Jindra Machkov\u00e1,&nbsp;caretaker<\/p>\n\n\n\n<p>Contact Exhibition of textile printing: <a href=\"mailto:textil@muzeumdk.cz\">textil@muzeumdk.cz<\/a><\/p>\n","protected":false},"excerpt":{"rendered":"<p>Municipal museum Dv\u016fr Kr\u00e1lov\u00e9 nad Labem Sladkovsk\u00e9ho 530, Dv\u016fr Kr\u00e1lov\u00e9 nad Labem telefon:+420 499 318 326+420 603 295 389 e-mail: info@muzeumdk.cz I\u010c: 43464386 Exhibition of textile printing n\u00e1b\u0159e\u017e\u00ed Ji\u0159\u00edho Wolkera 132, Dv\u016fr Kr\u00e1lov\u00e9 nad Labem +420 730 141 819 e-mail:&nbsp;textil@muzeumdk.cz About us Ing. Mgr. Alexandra Ji\u0159i\u010dkov\u00e1, directorreditelka@muzeumdk.cz Mgr. Michaela V\u00e1lkov\u00e1, administrator of historical collectionssbirky@muzeumdk.cz Mgr. [&hellip;]<\/p>\n","protected":false},"author":1,"featured_media":0,"parent":0,"menu_order":0,"comment_status":"closed","ping_status":"closed","template":"","meta":{"footnotes":""},"class_list":["post-409","page","type-page","status-publish","hentry"],"yoast_head":"<!-- This site is optimized with the Yoast SEO plugin v27.2 - https:\/\/yoast.com\/product\/yoast-seo-wordpress\/ -->\n<title>Contact - M\u011bstsk\u00e9 muzeum Dv\u016fr\u00a0Kr\u00e1lov\u00e9 nad Labem<\/title>\n<meta name=\"description\" content=\"Kontakty na M\u011bstsk\u00e9 muzeum ve Dvo\u0159e Kr\u00e1lov\u00e9 nad Labem a expozici textiln\u00edho tisku\" \/>\n<meta name=\"robots\" content=\"index, follow, max-snippet:-1, max-image-preview:large, max-video-preview:-1\" \/>\n<link rel=\"canonical\" href=\"https:\/\/muzeumdk.cz\/en\/contact\/\" \/>\n<meta property=\"og:locale\" content=\"en_US\" \/>\n<meta property=\"og:type\" content=\"article\" \/>\n<meta property=\"og:title\" content=\"Contact - M\u011bstsk\u00e9 muzeum Dv\u016fr\u00a0Kr\u00e1lov\u00e9 nad Labem\" \/>\n<meta property=\"og:description\" content=\"Kontakty na M\u011bstsk\u00e9 muzeum ve Dvo\u0159e Kr\u00e1lov\u00e9 nad Labem a expozici textiln\u00edho tisku\" \/>\n<meta property=\"og:url\" content=\"https:\/\/muzeumdk.cz\/en\/contact\/\" \/>\n<meta property=\"og:site_name\" content=\"M\u011bstsk\u00e9 muzeum Dv\u016fr\u00a0Kr\u00e1lov\u00e9 nad Labem\" \/>\n<meta property=\"article:publisher\" content=\"https:\/\/www.facebook.com\/mmdknl\" \/>\n<meta property=\"article:modified_time\" content=\"2023-12-12T19:42:36+00:00\" \/>\n<meta name=\"twitter:card\" content=\"summary_large_image\" \/>\n<meta name=\"twitter:site\" content=\"@Muzeumdk\" \/>\n<meta name=\"twitter:label1\" content=\"Est. reading time\" \/>\n\t<meta name=\"twitter:data1\" content=\"1 minute\" \/>\n<script type=\"application\/ld+json\" class=\"yoast-schema-graph\">{\"@context\":\"https:\/\/schema.org\",\"@graph\":[{\"@type\":\"WebPage\",\"@id\":\"https:\/\/muzeumdk.cz\/en\/contact\/\",\"url\":\"https:\/\/muzeumdk.cz\/en\/contact\/\",\"name\":\"Contact - M\u011bstsk\u00e9 muzeum Dv\u016fr\u00a0Kr\u00e1lov\u00e9 nad Labem\",\"isPartOf\":{\"@id\":\"https:\/\/muzeumdk.cz\/en\/#website\"},\"datePublished\":\"2023-11-30T17:26:44+00:00\",\"dateModified\":\"2023-12-12T19:42:36+00:00\",\"description\":\"Kontakty na M\u011bstsk\u00e9 muzeum ve Dvo\u0159e Kr\u00e1lov\u00e9 nad Labem a expozici textiln\u00edho tisku\",\"breadcrumb\":{\"@id\":\"https:\/\/muzeumdk.cz\/en\/contact\/#breadcrumb\"},\"inLanguage\":\"en-US\",\"potentialAction\":[{\"@type\":\"ReadAction\",\"target\":[\"https:\/\/muzeumdk.cz\/en\/contact\/\"]}]},{\"@type\":\"BreadcrumbList\",\"@id\":\"https:\/\/muzeumdk.cz\/en\/contact\/#breadcrumb\",\"itemListElement\":[{\"@type\":\"ListItem\",\"position\":1,\"name\":\"Home\",\"item\":\"https:\/\/muzeumdk.cz\/en\/\"},{\"@type\":\"ListItem\",\"position\":2,\"name\":\"Contact\"}]},{\"@type\":\"WebSite\",\"@id\":\"https:\/\/muzeumdk.cz\/en\/#website\",\"url\":\"https:\/\/muzeumdk.cz\/en\/\",\"name\":\"M\u011bstsk\u00e9 muzeum Dv\u016fr\u00a0Kr\u00e1lov\u00e9 nad Labem\",\"description\":\"M\u011bstsk\u00e9 muzeum ve Dvo\u0159e Kr\u00e1lov\u00e9 nad Labem nab\u00edz\u00ed n\u00e1v\u0161t\u011bvn\u00edk\u016fm t\u0159i st\u00e1l\u00e9 expozice.\",\"publisher\":{\"@id\":\"https:\/\/muzeumdk.cz\/en\/#organization\"},\"potentialAction\":[{\"@type\":\"SearchAction\",\"target\":{\"@type\":\"EntryPoint\",\"urlTemplate\":\"https:\/\/muzeumdk.cz\/en\/?s={search_term_string}\"},\"query-input\":{\"@type\":\"PropertyValueSpecification\",\"valueRequired\":true,\"valueName\":\"search_term_string\"}}],\"inLanguage\":\"en-US\"},{\"@type\":\"Organization\",\"@id\":\"https:\/\/muzeumdk.cz\/en\/#organization\",\"name\":\"M\u011bstsk\u00e9 muzeum Dv\u016fr\u00a0Kr\u00e1lov\u00e9 nad Labem\",\"url\":\"https:\/\/muzeumdk.cz\/en\/\",\"logo\":{\"@type\":\"ImageObject\",\"inLanguage\":\"en-US\",\"@id\":\"https:\/\/muzeumdk.cz\/en\/#\/schema\/logo\/image\/\",\"url\":\"https:\/\/muzeumdk.cz\/wp-content\/uploads\/2023\/11\/cropped-logo1_150.jpg\",\"contentUrl\":\"https:\/\/muzeumdk.cz\/wp-content\/uploads\/2023\/11\/cropped-logo1_150.jpg\",\"width\":512,\"height\":512,\"caption\":\"M\u011bstsk\u00e9 muzeum Dv\u016fr\u00a0Kr\u00e1lov\u00e9 nad Labem\"},\"image\":{\"@id\":\"https:\/\/muzeumdk.cz\/en\/#\/schema\/logo\/image\/\"},\"sameAs\":[\"https:\/\/www.facebook.com\/mmdknl\",\"https:\/\/x.com\/Muzeumdk\",\"https:\/\/www.instagram.com\/muzeum_ve_dvore_kralove\"]}]}<\/script>\n<!-- \/ Yoast SEO plugin. -->","yoast_head_json":{"title":"Contact - M\u011bstsk\u00e9 muzeum Dv\u016fr\u00a0Kr\u00e1lov\u00e9 nad Labem","description":"Kontakty na M\u011bstsk\u00e9 muzeum ve Dvo\u0159e Kr\u00e1lov\u00e9 nad Labem a expozici textiln\u00edho tisku","robots":{"index":"index","follow":"follow","max-snippet":"max-snippet:-1","max-image-preview":"max-image-preview:large","max-video-preview":"max-video-preview:-1"},"canonical":"https:\/\/muzeumdk.cz\/en\/contact\/","og_locale":"en_US","og_type":"article","og_title":"Contact - M\u011bstsk\u00e9 muzeum Dv\u016fr\u00a0Kr\u00e1lov\u00e9 nad Labem","og_description":"Kontakty na M\u011bstsk\u00e9 muzeum ve Dvo\u0159e Kr\u00e1lov\u00e9 nad Labem a expozici textiln\u00edho tisku","og_url":"https:\/\/muzeumdk.cz\/en\/contact\/","og_site_name":"M\u011bstsk\u00e9 muzeum Dv\u016fr\u00a0Kr\u00e1lov\u00e9 nad Labem","article_publisher":"https:\/\/www.facebook.com\/mmdknl","article_modified_time":"2023-12-12T19:42:36+00:00","twitter_card":"summary_large_image","twitter_site":"@Muzeumdk","twitter_misc":{"Est. reading time":"1 minute"},"schema":{"@context":"https:\/\/schema.org","@graph":[{"@type":"WebPage","@id":"https:\/\/muzeumdk.cz\/en\/contact\/","url":"https:\/\/muzeumdk.cz\/en\/contact\/","name":"Contact - M\u011bstsk\u00e9 muzeum Dv\u016fr\u00a0Kr\u00e1lov\u00e9 nad Labem","isPartOf":{"@id":"https:\/\/muzeumdk.cz\/en\/#website"},"datePublished":"2023-11-30T17:26:44+00:00","dateModified":"2023-12-12T19:42:36+00:00","description":"Kontakty na M\u011bstsk\u00e9 muzeum ve Dvo\u0159e Kr\u00e1lov\u00e9 nad Labem a expozici textiln\u00edho tisku","breadcrumb":{"@id":"https:\/\/muzeumdk.cz\/en\/contact\/#breadcrumb"},"inLanguage":"en-US","potentialAction":[{"@type":"ReadAction","target":["https:\/\/muzeumdk.cz\/en\/contact\/"]}]},{"@type":"BreadcrumbList","@id":"https:\/\/muzeumdk.cz\/en\/contact\/#breadcrumb","itemListElement":[{"@type":"ListItem","position":1,"name":"Home","item":"https:\/\/muzeumdk.cz\/en\/"},{"@type":"ListItem","position":2,"name":"Contact"}]},{"@type":"WebSite","@id":"https:\/\/muzeumdk.cz\/en\/#website","url":"https:\/\/muzeumdk.cz\/en\/","name":"M\u011bstsk\u00e9 muzeum Dv\u016fr\u00a0Kr\u00e1lov\u00e9 nad Labem","description":"M\u011bstsk\u00e9 muzeum ve Dvo\u0159e Kr\u00e1lov\u00e9 nad Labem nab\u00edz\u00ed n\u00e1v\u0161t\u011bvn\u00edk\u016fm t\u0159i st\u00e1l\u00e9 expozice.","publisher":{"@id":"https:\/\/muzeumdk.cz\/en\/#organization"},"potentialAction":[{"@type":"SearchAction","target":{"@type":"EntryPoint","urlTemplate":"https:\/\/muzeumdk.cz\/en\/?s={search_term_string}"},"query-input":{"@type":"PropertyValueSpecification","valueRequired":true,"valueName":"search_term_string"}}],"inLanguage":"en-US"},{"@type":"Organization","@id":"https:\/\/muzeumdk.cz\/en\/#organization","name":"M\u011bstsk\u00e9 muzeum Dv\u016fr\u00a0Kr\u00e1lov\u00e9 nad Labem","url":"https:\/\/muzeumdk.cz\/en\/","logo":{"@type":"ImageObject","inLanguage":"en-US","@id":"https:\/\/muzeumdk.cz\/en\/#\/schema\/logo\/image\/","url":"https:\/\/muzeumdk.cz\/wp-content\/uploads\/2023\/11\/cropped-logo1_150.jpg","contentUrl":"https:\/\/muzeumdk.cz\/wp-content\/uploads\/2023\/11\/cropped-logo1_150.jpg","width":512,"height":512,"caption":"M\u011bstsk\u00e9 muzeum Dv\u016fr\u00a0Kr\u00e1lov\u00e9 nad Labem"},"image":{"@id":"https:\/\/muzeumdk.cz\/en\/#\/schema\/logo\/image\/"},"sameAs":["https:\/\/www.facebook.com\/mmdknl","https:\/\/x.com\/Muzeumdk","https:\/\/www.instagram.com\/muzeum_ve_dvore_kralove"]}]}},"_links":{"self":[{"href":"https:\/\/muzeumdk.cz\/en\/wp-json\/wp\/v2\/pages\/409","targetHints":{"allow":["GET"]}}],"collection":[{"href":"https:\/\/muzeumdk.cz\/en\/wp-json\/wp\/v2\/pages"}],"about":[{"href":"https:\/\/muzeumdk.cz\/en\/wp-json\/wp\/v2\/types\/page"}],"author":[{"embeddable":true,"href":"https:\/\/muzeumdk.cz\/en\/wp-json\/wp\/v2\/users\/1"}],"replies":[{"embeddable":true,"href":"https:\/\/muzeumdk.cz\/en\/wp-json\/wp\/v2\/comments?post=409"}],"version-history":[{"count":4,"href":"https:\/\/muzeumdk.cz\/en\/wp-json\/wp\/v2\/pages\/409\/revisions"}],"predecessor-version":[{"id":821,"href":"https:\/\/muzeumdk.cz\/en\/wp-json\/wp\/v2\/pages\/409\/revisions\/821"}],"wp:attachment":[{"href":"https:\/\/muzeumdk.cz\/en\/wp-json\/wp\/v2\/media?parent=409"}],"curies":[{"name":"wp","href":"https:\/\/api.w.org\/{rel}","templated":true}]}}